{"id":41092,"date":"2025-08-25T17:33:41","date_gmt":"2025-08-25T15:33:41","guid":{"rendered":"https:\/\/www.windmanager.de\/wpd-windmanager-chile\/?page_id=41092"},"modified":"2025-11-10T09:22:58","modified_gmt":"2025-11-10T08:22:58","slug":"compliance","status":"publish","type":"page","link":"https:\/\/www.windmanager.de\/wpd-windmanager-chile\/compliance\/","title":{"rendered":"Compliance"},"content":{"rendered":"<p>En wpd windmanager, nuestros clientes, socios comerciales e inversionistas conf\u00edan en nuestra experiencia, seriedad, integridad y responsabilidad. Estas cualidades son la base de nuestro \u00e9xito y de la buena reputaci\u00f3n que hemos construido. Mantener y fortalecer estos cimientos requiere actuar siempre de manera responsable y alineada con los principios que gu\u00edan a nuestra empresa.<\/p>\n<p>En los \u00faltimos a\u00f1os, el Compliance, entendido como el cumplimiento de la normativa legal vigente y de nuestras directrices internas, ha adquirido una importancia central dentro de la empresa.<\/p>\n<p>Con nuestro <strong>C\u00f3digo de Conducta<\/strong>, hemos asumido el compromiso voluntario de actuar de forma \u00e9tica y conforme a la ley en todas nuestras operaciones. Este documento refleja nuestras responsabilidades y asegura la transparencia de nuestras acciones frente a nuestros grupos de inter\u00e9s.<\/p>\n<p>Puede consultar nuestro C\u00f3digo de Conducta aqu\u00ed:<\/p>\n<p><a href=\"https:\/\/www.windmanager.de\/wpd-windmanager-chile\/wp-content\/uploads\/sites\/6\/2025\/10\/wpdwm-code-of-conduct_2025-CHL-V2.pdf\">C\u00f3digo de Conducta<\/a><\/p>\n<p>Nuestro <strong>Modelo de Prevenci\u00f3n del Delito y C\u00f3digo de \u00c9tica<\/strong> se encuentran disponibles aqu\u00ed:<\/p>\n<p><span data-teams=\"true\">\u00a0<\/span><a href=\"https:\/\/www.windmanager.de\/wpd-windmanager-chile\/wp-content\/uploads\/sites\/6\/2025\/10\/wpdwm-Modelo-Prevencion-del-Delito_2025-CHL-V2Rev_cb.pdf\">Modelo Prevenci\u00f3n del Delito<\/a><\/p>\n<p><a href=\"https:\/\/www.windmanager.de\/wpd-windmanager-chile\/wp-content\/uploads\/sites\/6\/2025\/10\/wpdwm-Codigo-de-Etica-2025-CHL-V2Rev_cb.pdf\">C\u00f3digo de \u00c9tica<\/a><\/p>\n<p>Asimismo, invitamos a todas las personas a informar cualquier incumplimiento de nuestras normas. Para ello, hemos habilitado un Sistema de Denuncias, que permite realizar reportes de manera confidencial y, si se prefiere, de forma an\u00f3nima.<\/p>\n<p style=\"text-align: center;\"><a class=\"btn btn-primary btn-primary--blue\" href=\"https:\/\/whistleblowersoftware.com\/secure\/windmanagerchile\">Canal de denuncias<\/a><\/p>\n<p>&nbsp;<\/p>\n","protected":false},"excerpt":{"rendered":"En wpd windmanager, nuestros clientes, socios comerciales e inversionistas conf\u00edan en nuestra experiencia, seriedad, integridad y responsabilidad. Estas cualidades son la base de nuestro \u00e9xito y de la buena reputaci\u00f3n que hemos construido. Mantener y fortalecer estos cimientos requiere actuar siempre de manera responsable y alineada con los principios que gu\u00edan a nuestra empresa. En&#8230; <a class=\"view-article\" href=\"https:\/\/www.windmanager.de\/wpd-windmanager-chile\/compliance\/\">Ver art\u00edculo<\/a>","protected":false},"author":2,"featured_media":0,"parent":0,"menu_order":0,"comment_status":"closed","ping_status":"closed","template":"","meta":{"_acf_changed":false,"footnotes":""},"class_list":["post-41092","page","type-page","status-publish","hentry"],"acf":[],"yoast_head":"<!-- This site is optimized with the Yoast SEO plugin v27.6 - https:\/\/yoast.com\/product\/yoast-seo-wordpress\/ -->\n<title>Compliance - wpd windmanager<\/title>\n<meta name=\"robots\" content=\"index, follow, max-snippet:-1, max-image-preview:large, max-video-preview:-1\" \/>\n<link rel=\"canonical\" href=\"https:\/\/www.windmanager.de\/wpd-windmanager-chile\/compliance\/\" \/>\n<meta property=\"og:locale\" content=\"es_ES\" \/>\n<meta property=\"og:type\" content=\"article\" \/>\n<meta property=\"og:title\" content=\"Compliance - wpd windmanager\" \/>\n<meta property=\"og:description\" content=\"En wpd windmanager, nuestros clientes, socios comerciales e inversionistas conf\u00edan en nuestra experiencia, seriedad, integridad y responsabilidad. Estas cualidades son la base de nuestro \u00e9xito y de la buena reputaci\u00f3n que hemos construido. Mantener y fortalecer estos cimientos requiere actuar siempre de manera responsable y alineada con los principios que gu\u00edan a nuestra empresa. En... Ver art\u00edculo\" \/>\n<meta property=\"og:url\" content=\"https:\/\/www.windmanager.de\/wpd-windmanager-chile\/compliance\/\" \/>\n<meta property=\"og:site_name\" content=\"wpd windmanager Chile\" \/>\n<meta property=\"article:modified_time\" content=\"2025-11-10T08:22:58+00:00\" \/>\n<meta name=\"twitter:card\" content=\"summary_large_image\" \/>\n<meta name=\"twitter:label1\" content=\"Tiempo estimado de lectura\" \/>\n\t<meta name=\"twitter:data1\" content=\"1 minuto\" \/>\n<script type=\"application\/ld+json\" class=\"yoast-schema-graph\">{\"@context\":\"https:\\\/\\\/schema.org\",\"@graph\":[{\"@type\":\"WebPage\",\"@id\":\"https:\\\/\\\/www.windmanager.de\\\/wpd-windmanager-chile\\\/compliance\\\/\",\"url\":\"https:\\\/\\\/www.windmanager.de\\\/wpd-windmanager-chile\\\/compliance\\\/\",\"name\":\"Compliance - wpd windmanager\",\"isPartOf\":{\"@id\":\"https:\\\/\\\/www.windmanager.de\\\/wpd-windmanager-chile\\\/#website\"},\"datePublished\":\"2025-08-25T15:33:41+00:00\",\"dateModified\":\"2025-11-10T08:22:58+00:00\",\"breadcrumb\":{\"@id\":\"https:\\\/\\\/www.windmanager.de\\\/wpd-windmanager-chile\\\/compliance\\\/#breadcrumb\"},\"inLanguage\":\"es-CL\",\"potentialAction\":[{\"@type\":\"ReadAction\",\"target\":[\"https:\\\/\\\/www.windmanager.de\\\/wpd-windmanager-chile\\\/compliance\\\/\"]}]},{\"@type\":\"BreadcrumbList\",\"@id\":\"https:\\\/\\\/www.windmanager.de\\\/wpd-windmanager-chile\\\/compliance\\\/#breadcrumb\",\"itemListElement\":[{\"@type\":\"ListItem\",\"position\":1,\"name\":\"Home\",\"item\":\"https:\\\/\\\/www.windmanager.de\\\/wpd-windmanager-chile\\\/\"},{\"@type\":\"ListItem\",\"position\":2,\"name\":\"Compliance\"}]},{\"@type\":\"WebSite\",\"@id\":\"https:\\\/\\\/www.windmanager.de\\\/wpd-windmanager-chile\\\/#website\",\"url\":\"https:\\\/\\\/www.windmanager.de\\\/wpd-windmanager-chile\\\/\",\"name\":\"wpd windmanager Chile\",\"description\":\"\",\"potentialAction\":[{\"@type\":\"SearchAction\",\"target\":{\"@type\":\"EntryPoint\",\"urlTemplate\":\"https:\\\/\\\/www.windmanager.de\\\/wpd-windmanager-chile\\\/?s={search_term_string}\"},\"query-input\":{\"@type\":\"PropertyValueSpecification\",\"valueRequired\":true,\"valueName\":\"search_term_string\"}}],\"inLanguage\":\"es-CL\"}]}<\/script>\n<!-- \/ Yoast SEO plugin. -->","yoast_head_json":{"title":"Compliance - wpd windmanager","robots":{"index":"index","follow":"follow","max-snippet":"max-snippet:-1","max-image-preview":"max-image-preview:large","max-video-preview":"max-video-preview:-1"},"canonical":"https:\/\/www.windmanager.de\/wpd-windmanager-chile\/compliance\/","og_locale":"es_ES","og_type":"article","og_title":"Compliance - wpd windmanager","og_description":"En wpd windmanager, nuestros clientes, socios comerciales e inversionistas conf\u00edan en nuestra experiencia, seriedad, integridad y responsabilidad. Estas cualidades son la base de nuestro \u00e9xito y de la buena reputaci\u00f3n que hemos construido. Mantener y fortalecer estos cimientos requiere actuar siempre de manera responsable y alineada con los principios que gu\u00edan a nuestra empresa. En... Ver art\u00edculo","og_url":"https:\/\/www.windmanager.de\/wpd-windmanager-chile\/compliance\/","og_site_name":"wpd windmanager Chile","article_modified_time":"2025-11-10T08:22:58+00:00","twitter_card":"summary_large_image","twitter_misc":{"Tiempo estimado de lectura":"1 minuto"},"schema":{"@context":"https:\/\/schema.org","@graph":[{"@type":"WebPage","@id":"https:\/\/www.windmanager.de\/wpd-windmanager-chile\/compliance\/","url":"https:\/\/www.windmanager.de\/wpd-windmanager-chile\/compliance\/","name":"Compliance - wpd windmanager","isPartOf":{"@id":"https:\/\/www.windmanager.de\/wpd-windmanager-chile\/#website"},"datePublished":"2025-08-25T15:33:41+00:00","dateModified":"2025-11-10T08:22:58+00:00","breadcrumb":{"@id":"https:\/\/www.windmanager.de\/wpd-windmanager-chile\/compliance\/#breadcrumb"},"inLanguage":"es-CL","potentialAction":[{"@type":"ReadAction","target":["https:\/\/www.windmanager.de\/wpd-windmanager-chile\/compliance\/"]}]},{"@type":"BreadcrumbList","@id":"https:\/\/www.windmanager.de\/wpd-windmanager-chile\/compliance\/#breadcrumb","itemListElement":[{"@type":"ListItem","position":1,"name":"Home","item":"https:\/\/www.windmanager.de\/wpd-windmanager-chile\/"},{"@type":"ListItem","position":2,"name":"Compliance"}]},{"@type":"WebSite","@id":"https:\/\/www.windmanager.de\/wpd-windmanager-chile\/#website","url":"https:\/\/www.windmanager.de\/wpd-windmanager-chile\/","name":"wpd windmanager Chile","description":"","potentialAction":[{"@type":"SearchAction","target":{"@type":"EntryPoint","urlTemplate":"https:\/\/www.windmanager.de\/wpd-windmanager-chile\/?s={search_term_string}"},"query-input":{"@type":"PropertyValueSpecification","valueRequired":true,"valueName":"search_term_string"}}],"inLanguage":"es-CL"}]}},"_links":{"self":[{"href":"https:\/\/www.windmanager.de\/wpd-windmanager-chile\/wp-json\/wp\/v2\/pages\/41092","targetHints":{"allow":["GET"]}}],"collection":[{"href":"https:\/\/www.windmanager.de\/wpd-windmanager-chile\/wp-json\/wp\/v2\/pages"}],"about":[{"href":"https:\/\/www.windmanager.de\/wpd-windmanager-chile\/wp-json\/wp\/v2\/types\/page"}],"author":[{"embeddable":true,"href":"https:\/\/www.windmanager.de\/wpd-windmanager-chile\/wp-json\/wp\/v2\/users\/2"}],"replies":[{"embeddable":true,"href":"https:\/\/www.windmanager.de\/wpd-windmanager-chile\/wp-json\/wp\/v2\/comments?post=41092"}],"version-history":[{"count":10,"href":"https:\/\/www.windmanager.de\/wpd-windmanager-chile\/wp-json\/wp\/v2\/pages\/41092\/revisions"}],"predecessor-version":[{"id":41358,"href":"https:\/\/www.windmanager.de\/wpd-windmanager-chile\/wp-json\/wp\/v2\/pages\/41092\/revisions\/41358"}],"wp:attachment":[{"href":"https:\/\/www.windmanager.de\/wpd-windmanager-chile\/wp-json\/wp\/v2\/media?parent=41092"}],"curies":[{"name":"wp","href":"https:\/\/api.w.org\/{rel}","templated":true}]}}