{"id":41342,"date":"2025-09-08T15:14:47","date_gmt":"2025-09-08T13:14:47","guid":{"rendered":"https:\/\/www.windmanager.de\/wpd-windmanager-croatia\/?page_id=41342"},"modified":"2026-02-26T17:10:01","modified_gmt":"2026-02-26T16:10:01","slug":"pravna-napomena","status":"publish","type":"page","link":"https:\/\/www.windmanager.de\/wpd-windmanager-croatia\/pravna-napomena\/","title":{"rendered":"Pravna Napomena"},"content":{"rendered":"<p><strong>Naziv dru\u0161tva\/organizacije:<\/strong> wpd windmanager Croatia<\/p>\n<p><strong>Pravni oblik:<\/strong> d.o.o.<\/p>\n<p><strong>Sjedi\u0161te:<\/strong> Dr. Ante Star\u010devi\u0107a 45<\/p>\n<p><strong>MBS\/OIB:<\/strong> 060275645<\/p>\n<p><strong>PDV ID (ako je primjenjivo):<\/strong> HR51082367764<\/p>\n<p><strong>Kontakt podaci (e-mail, telefon):<\/strong> <a href=\"mailto:windmanager@wpd.hr\">windmanager@wpd.hr<\/a> ; +385 (0)20 301040<\/p>\n<p><strong>Odgovorna osoba\/direktor:<\/strong> Toni Karabati\u0107<\/p>\n<p><strong>Web dizajn:<\/strong> s1-media GbR (www.s1-media.de), izra\u0111eno u CMS sustavu WordPress<\/p>\n<p><strong>Fotografije:<\/strong> wpd windmanager<\/p>\n<p><strong>Pru\u017eatelj hostinga:<\/strong> wpd windmanager GmbH &amp; Co. KG, Stephanitorsbollwerk 3, 28217 Bremen, Njema\u010dka<\/p>\n","protected":false},"excerpt":{"rendered":"Naziv dru\u0161tva\/organizacije: wpd windmanager Croatia Pravni oblik: d.o.o. Sjedi\u0161te: Dr. Ante Star\u010devi\u0107a 45 MBS\/OIB: 060275645 PDV ID (ako je primjenjivo): HR51082367764 Kontakt podaci (e-mail, telefon): windmanager@wpd.hr ; +385 (0)20 301040 Odgovorna osoba\/direktor: Toni Karabati\u0107 Web dizajn: s1-media GbR (www.s1-media.de), izra\u0111eno u CMS sustavu WordPress Fotografije: wpd windmanager Pru\u017eatelj hostinga: wpd windmanager GmbH &amp; Co. KG,&#8230; <a class=\"view-article\" href=\"https:\/\/www.windmanager.de\/wpd-windmanager-croatia\/pravna-napomena\/\">View Article<\/a>","protected":false},"author":2,"featured_media":0,"parent":0,"menu_order":0,"comment_status":"closed","ping_status":"closed","template":"","meta":{"_acf_changed":false,"footnotes":""},"class_list":["post-41342","page","type-page","status-publish","hentry"],"acf":[],"yoast_head":"<!-- This site is optimized with the Yoast SEO plugin v27.4 - https:\/\/yoast.com\/product\/yoast-seo-wordpress\/ -->\n<title>Pravna Napomena - wpd windmanager<\/title>\n<meta name=\"robots\" content=\"index, follow, max-snippet:-1, max-image-preview:large, max-video-preview:-1\" \/>\n<link rel=\"canonical\" href=\"https:\/\/www.windmanager.de\/wpd-windmanager-croatia\/pravna-napomena\/\" \/>\n<meta property=\"og:locale\" content=\"hr_HR\" \/>\n<meta property=\"og:type\" content=\"article\" \/>\n<meta property=\"og:title\" content=\"Pravna Napomena - wpd windmanager\" \/>\n<meta property=\"og:description\" content=\"Naziv dru\u0161tva\/organizacije: wpd windmanager Croatia Pravni oblik: d.o.o. Sjedi\u0161te: Dr. Ante Star\u010devi\u0107a 45 MBS\/OIB: 060275645 PDV ID (ako je primjenjivo): HR51082367764 Kontakt podaci (e-mail, telefon): windmanager@wpd.hr ; +385 (0)20 301040 Odgovorna osoba\/direktor: Toni Karabati\u0107 Web dizajn: s1-media GbR (www.s1-media.de), izra\u0111eno u CMS sustavu WordPress Fotografije: wpd windmanager Pru\u017eatelj hostinga: wpd windmanager GmbH &amp; Co. KG,... View Article\" \/>\n<meta property=\"og:url\" content=\"https:\/\/www.windmanager.de\/wpd-windmanager-croatia\/pravna-napomena\/\" \/>\n<meta property=\"og:site_name\" content=\"wpd windmanager Croatia\" \/>\n<meta property=\"article:modified_time\" content=\"2026-02-26T16:10:01+00:00\" \/>\n<meta name=\"twitter:card\" content=\"summary_large_image\" \/>\n<meta name=\"twitter:label1\" content=\"Procijenjeno vrijeme \u010ditanja\" \/>\n\t<meta name=\"twitter:data1\" content=\"1 minuta\" \/>\n<script type=\"application\/ld+json\" class=\"yoast-schema-graph\">{\"@context\":\"https:\\\/\\\/schema.org\",\"@graph\":[{\"@type\":\"WebPage\",\"@id\":\"https:\\\/\\\/www.windmanager.de\\\/wpd-windmanager-croatia\\\/pravna-napomena\\\/\",\"url\":\"https:\\\/\\\/www.windmanager.de\\\/wpd-windmanager-croatia\\\/pravna-napomena\\\/\",\"name\":\"Pravna Napomena - wpd windmanager\",\"isPartOf\":{\"@id\":\"https:\\\/\\\/www.windmanager.de\\\/wpd-windmanager-croatia\\\/#website\"},\"datePublished\":\"2025-09-08T13:14:47+00:00\",\"dateModified\":\"2026-02-26T16:10:01+00:00\",\"breadcrumb\":{\"@id\":\"https:\\\/\\\/www.windmanager.de\\\/wpd-windmanager-croatia\\\/pravna-napomena\\\/#breadcrumb\"},\"inLanguage\":\"hr\",\"potentialAction\":[{\"@type\":\"ReadAction\",\"target\":[\"https:\\\/\\\/www.windmanager.de\\\/wpd-windmanager-croatia\\\/pravna-napomena\\\/\"]}]},{\"@type\":\"BreadcrumbList\",\"@id\":\"https:\\\/\\\/www.windmanager.de\\\/wpd-windmanager-croatia\\\/pravna-napomena\\\/#breadcrumb\",\"itemListElement\":[{\"@type\":\"ListItem\",\"position\":1,\"name\":\"Home\",\"item\":\"https:\\\/\\\/www.windmanager.de\\\/wpd-windmanager-croatia\\\/\"},{\"@type\":\"ListItem\",\"position\":2,\"name\":\"Pravna Napomena\"}]},{\"@type\":\"WebSite\",\"@id\":\"https:\\\/\\\/www.windmanager.de\\\/wpd-windmanager-croatia\\\/#website\",\"url\":\"https:\\\/\\\/www.windmanager.de\\\/wpd-windmanager-croatia\\\/\",\"name\":\"wpd windmanager Croatia\",\"description\":\"\",\"potentialAction\":[{\"@type\":\"SearchAction\",\"target\":{\"@type\":\"EntryPoint\",\"urlTemplate\":\"https:\\\/\\\/www.windmanager.de\\\/wpd-windmanager-croatia\\\/?s={search_term_string}\"},\"query-input\":{\"@type\":\"PropertyValueSpecification\",\"valueRequired\":true,\"valueName\":\"search_term_string\"}}],\"inLanguage\":\"hr\"}]}<\/script>\n<!-- \/ Yoast SEO plugin. -->","yoast_head_json":{"title":"Pravna Napomena - wpd windmanager","robots":{"index":"index","follow":"follow","max-snippet":"max-snippet:-1","max-image-preview":"max-image-preview:large","max-video-preview":"max-video-preview:-1"},"canonical":"https:\/\/www.windmanager.de\/wpd-windmanager-croatia\/pravna-napomena\/","og_locale":"hr_HR","og_type":"article","og_title":"Pravna Napomena - wpd windmanager","og_description":"Naziv dru\u0161tva\/organizacije: wpd windmanager Croatia Pravni oblik: d.o.o. Sjedi\u0161te: Dr. Ante Star\u010devi\u0107a 45 MBS\/OIB: 060275645 PDV ID (ako je primjenjivo): HR51082367764 Kontakt podaci (e-mail, telefon): windmanager@wpd.hr ; +385 (0)20 301040 Odgovorna osoba\/direktor: Toni Karabati\u0107 Web dizajn: s1-media GbR (www.s1-media.de), izra\u0111eno u CMS sustavu WordPress Fotografije: wpd windmanager Pru\u017eatelj hostinga: wpd windmanager GmbH &amp; Co. KG,... View Article","og_url":"https:\/\/www.windmanager.de\/wpd-windmanager-croatia\/pravna-napomena\/","og_site_name":"wpd windmanager Croatia","article_modified_time":"2026-02-26T16:10:01+00:00","twitter_card":"summary_large_image","twitter_misc":{"Procijenjeno vrijeme \u010ditanja":"1 minuta"},"schema":{"@context":"https:\/\/schema.org","@graph":[{"@type":"WebPage","@id":"https:\/\/www.windmanager.de\/wpd-windmanager-croatia\/pravna-napomena\/","url":"https:\/\/www.windmanager.de\/wpd-windmanager-croatia\/pravna-napomena\/","name":"Pravna Napomena - wpd windmanager","isPartOf":{"@id":"https:\/\/www.windmanager.de\/wpd-windmanager-croatia\/#website"},"datePublished":"2025-09-08T13:14:47+00:00","dateModified":"2026-02-26T16:10:01+00:00","breadcrumb":{"@id":"https:\/\/www.windmanager.de\/wpd-windmanager-croatia\/pravna-napomena\/#breadcrumb"},"inLanguage":"hr","potentialAction":[{"@type":"ReadAction","target":["https:\/\/www.windmanager.de\/wpd-windmanager-croatia\/pravna-napomena\/"]}]},{"@type":"BreadcrumbList","@id":"https:\/\/www.windmanager.de\/wpd-windmanager-croatia\/pravna-napomena\/#breadcrumb","itemListElement":[{"@type":"ListItem","position":1,"name":"Home","item":"https:\/\/www.windmanager.de\/wpd-windmanager-croatia\/"},{"@type":"ListItem","position":2,"name":"Pravna Napomena"}]},{"@type":"WebSite","@id":"https:\/\/www.windmanager.de\/wpd-windmanager-croatia\/#website","url":"https:\/\/www.windmanager.de\/wpd-windmanager-croatia\/","name":"wpd windmanager Croatia","description":"","potentialAction":[{"@type":"SearchAction","target":{"@type":"EntryPoint","urlTemplate":"https:\/\/www.windmanager.de\/wpd-windmanager-croatia\/?s={search_term_string}"},"query-input":{"@type":"PropertyValueSpecification","valueRequired":true,"valueName":"search_term_string"}}],"inLanguage":"hr"}]}},"_links":{"self":[{"href":"https:\/\/www.windmanager.de\/wpd-windmanager-croatia\/wp-json\/wp\/v2\/pages\/41342","targetHints":{"allow":["GET"]}}],"collection":[{"href":"https:\/\/www.windmanager.de\/wpd-windmanager-croatia\/wp-json\/wp\/v2\/pages"}],"about":[{"href":"https:\/\/www.windmanager.de\/wpd-windmanager-croatia\/wp-json\/wp\/v2\/types\/page"}],"author":[{"embeddable":true,"href":"https:\/\/www.windmanager.de\/wpd-windmanager-croatia\/wp-json\/wp\/v2\/users\/2"}],"replies":[{"embeddable":true,"href":"https:\/\/www.windmanager.de\/wpd-windmanager-croatia\/wp-json\/wp\/v2\/comments?post=41342"}],"version-history":[{"count":3,"href":"https:\/\/www.windmanager.de\/wpd-windmanager-croatia\/wp-json\/wp\/v2\/pages\/41342\/revisions"}],"predecessor-version":[{"id":41359,"href":"https:\/\/www.windmanager.de\/wpd-windmanager-croatia\/wp-json\/wp\/v2\/pages\/41342\/revisions\/41359"}],"wp:attachment":[{"href":"https:\/\/www.windmanager.de\/wpd-windmanager-croatia\/wp-json\/wp\/v2\/media?parent=41342"}],"curies":[{"name":"wp","href":"https:\/\/api.w.org\/{rel}","templated":true}]}}