{"id":41332,"date":"2025-09-08T13:12:31","date_gmt":"2025-09-08T11:12:31","guid":{"rendered":"https:\/\/www.windmanager.de\/wpd-windmanager-espana\/?page_id=41332"},"modified":"2026-02-26T16:09:20","modified_gmt":"2026-02-26T15:09:20","slug":"politica-de-privacidad","status":"publish","type":"page","link":"https:\/\/www.windmanager.de\/wpd-windmanager-espana\/politica-de-privacidad\/","title":{"rendered":"Pol\u00edtica de Privacidad"},"content":{"rendered":"<p>Gracias por visitar nuestro sitio web. En esta Pol\u00edtica, nos gustar\u00eda informarle sobre c\u00f3mo tratamos sus datos de acuerdo con el art\u00edculo 13 del Reglamento General de Protecci\u00f3n de Datos (RGPD).<\/p>\n<h2>\u200b\u200bRESPONSABLE DEL TRATAMIENTO<\/h2>\n<p>El responsable del tratamiento para las operaciones de tratamiento de datos descritas a continuaci\u00f3n es:<\/p>\n<p>wpd windmanager Espa\u00f1a S.L.U.<strong><br \/>\n<\/strong>c\/ Z\u00fa\u00f1iga 2, 2D. 47001 Valladolid (Espa\u00f1a)<\/p>\n<p>Tel\u00e9fono: +34 983 695 779<\/p>\n<p>E-mail: <a href=\"mailto:windmanager@wpd.es\">windmanager@wpd.es<\/a><\/p>\n<h2>DATOS DE USO<\/h2>\n<p>Cuando visita nuestro sitio web, nuestro servidor web eval\u00faa temporalmente los datos de uso con fines estad\u00edsticos con el fin de mejorar la calidad de nuestro sitio web. Estos datos consisten en las siguientes categor\u00edas:<\/p>\n<ul>\n<li>el nombre y la direcci\u00f3n del contenido solicitado,<\/li>\n<li>la fecha y hora de la consulta,<\/li>\n<li>el volumen de datos transferidos,<\/li>\n<li>el estado de acceso (contenido transferido, contenido no encontrado),<\/li>\n<li>la descripci\u00f3n del navegador web y del sistema operativo utilizados,<\/li>\n<li>el enlace de referencia (referral), que indica desde qu\u00e9 p\u00e1gina lleg\u00f3 a la nuestra,<\/li>\n<li>la direcci\u00f3n IP del ordenador solicitante, que se acorta de tal manera que ya no es posible establecer una referencia personal.<\/li>\n<\/ul>\n<p>Los datos de registro mencionados anteriormente solo se eval\u00faan de forma an\u00f3nima.<\/p>\n<p>La base jur\u00eddica para el tratamiento de los datos de uso es el art\u00edculo 6, apartado 1, letra f) del RGPD. El tratamiento se lleva a cabo en el inter\u00e9s leg\u00edtimo de proporcionar los contenidos del sitio web y garantizar una visualizaci\u00f3n optimizada para dispositivos y navegadores.<\/p>\n<h2>SEGURIDAD DE LOS DATOS<\/h2>\n<p>Adoptamos medidas t\u00e9cnicas y organizativas para proteger sus datos de la forma m\u00e1s completa posible frente a accesos no autorizados. Estas medidas incluyen procedimientos de cifrado en nuestras p\u00e1ginas web.<\/p>\n<p>Sus datos se transmiten desde su ordenador a nuestro servidor y viceversa a trav\u00e9s de Internet mediante cifrado TLS.<\/p>\n<p>Normalmente puede reconocerlo porque el s\u00edmbolo del candado en la barra de direcciones de su navegador aparece cerrado y la direcci\u00f3n comienza por https:\/\/.<\/p>\n<h2>AVISO (BANNER) DE COOKIES<\/h2>\n<p>Utilizamos una plataforma de gesti\u00f3n del consentimiento (banner de consentimiento o banner de cookies) en nuestros sitios web. El tratamiento de datos relacionado con el uso de dicha plataforma y con el registro de los ajustes que usted haya configurado se lleva a cabo sobre la base del art\u00edculo 6, apartado 1, letra f) del RGPD, en nuestro inter\u00e9s leg\u00edtimo de mostrarle nuestros contenidos conforme a sus preferencias y poder demostrar el\/los consentimiento(s) que usted haya otorgado. Los ajustes que haya configurado, el consentimiento otorgado y partes de sus datos de uso se almacenan en una cookie. Esta se conserva para solicitudes posteriores de p\u00e1ginas y permite que su consentimiento pueda ser rastreado. Puede encontrar m\u00e1s informaci\u00f3n sobre esto en la secci\u00f3n \u201cCookies necesarias\u201d.<\/p>\n<h2>COOKIES NECESARIAS<\/h2>\n<p>En nuestro sitio web utilizamos cookies que son necesarias para el correcto funcionamiento del mismo.<\/p>\n<p>Las cookies son peque\u00f1os archivos de texto que los sitios web que visita pueden colocar en su ordenador o dispositivo m\u00f3vil. Se distingue entre las cookies de sesi\u00f3n, que se eliminan en cuanto cierra el navegador, y las cookies permanentes, que se almacenan m\u00e1s all\u00e1 de la sesi\u00f3n individual.<\/p>\n<p>No utilizamos estas cookies necesarias con fines de an\u00e1lisis, seguimiento o publicidad.<\/p>\n<p>En algunos casos, estas cookies s\u00f3lo contienen informaci\u00f3n sobre determinados ajustes y no pueden vincularse a una persona. Tambi\u00e9n pueden ser necesarias para habilitar la navegaci\u00f3n del usuario, la seguridad y el funcionamiento del sitio.<\/p>\n<p>La base jur\u00eddica para el uso de estas cookies es nuestro inter\u00e9s leg\u00edtimo conforme al art\u00edculo 6, apartado 1, letra f) del RGPD.<\/p>\n<p>Puede configurar su navegador para que le informe sobre la instalaci\u00f3n de cookies, con el fin de que el uso de cookies sea transparente para usted. Tambi\u00e9n puede eliminar las cookies o evitar la instalaci\u00f3n de nuevas cookies en cualquier momento mediante la configuraci\u00f3n correspondiente del navegador. Tenga en cuenta que, si elimina determinadas cookies, es posible que nuestras p\u00e1ginas web no se muestren correctamente y que algunas funciones dejen de estar disponibles.<\/p>\n<table class=\"table table-striped mb-5\" style=\"width:100%;font-size: 1rem;\">\n<thead>\n<tr>\n<td><strong>Proveedor<\/strong><\/td>\n<td><strong>Prop\u00f3sito <\/strong><\/td>\n<td><strong>M\u00e1ximo tiempo de almacenamiento<\/strong><\/td>\n<\/tr>\n<\/thead>\n<tbody>\n<tr>\n<td>wpd windmanager GmbH &amp; Co. KG<\/td>\n<td>Guarda los ajustes que el usuario ha seleccionado en la Cookie Box de Borlabs Cookie (gesti\u00f3n del consentimiento)<\/td>\n<td>365 d\u00edas<\/td>\n<\/tr>\n<\/tbody>\n<\/table>\n<h2>MATOMO<\/h2>\n<p>Utilizamos la herramienta de an\u00e1lisis web \u201cMatomo\u201d para dise\u00f1ar nuestros sitios web de acuerdo con sus necesidades. Matomo crea perfiles de usuario basados en seud\u00f3nimos. Para ello, se almacenan en su dispositivo final cookies permanentes a las que nosotros accedemos. De este modo, podemos reconocer y medir visitantes recurrentes.<\/p>\n<p>El tratamiento de datos se basa en su consentimiento conforme al art\u00edculo 6, apartado 1, letra a) del RGPD, siempre que lo haya otorgado a trav\u00e9s de nuestro banner de cookies. Puede retirar su consentimiento en cualquier momento. Por favor, siga este enlace y realice los ajustes correspondientes a trav\u00e9s de nuestro banner.<\/p>\n<p>Las cookies se eliminar\u00e1n o dejar\u00e1n de procesarse tras 13 meses o tras la revocaci\u00f3n de su consentimiento.<\/p>\n<table class=\"table table-striped mb-5\" style=\"width:100%;font-size: 1rem;\">\n<thead>\n<tr>\n<td width=\"107\"><strong>Cookie<\/strong><\/td>\n<td width=\"355\"><strong>Prop\u00f3sito<\/strong><\/td>\n<td width=\"148\"><strong>M\u00e1ximo tiempo de almacenamiento<\/strong><\/td>\n<\/tr>\n<\/thead>\n<tbody>\n<tr>\n<td width=\"107\">\u200b_pk_id<\/td>\n<td width=\"355\">\u200bAlmacena informaci\u00f3n sobre el visitante, incluida la ID de usuario<\/td>\n<td width=\"148\">\u200b393 d\u00edas<\/td>\n<\/tr>\n<tr>\n<td width=\"107\">_pk_ses.<\/td>\n<td width=\"355\">Almacena el origen original (referente) del visitante en nuestro sitio web<\/td>\n<td width=\"148\">1 d\u00eda<\/td>\n<\/tr>\n<\/tbody>\n<\/table>\n<h2>TIEMPO DE ALMACENAMIENTO<\/h2>\n<p>Salvo que se indique lo contrario, eliminaremos sus datos personales cuando ya no sean necesarios para los fines del tratamiento correspondiente y no existan obligaciones legales de conservaci\u00f3n que se opongan a su supresi\u00f3n.<\/p>\n<h2>SUS DERECHOS COMO INTERESADO<\/h2>\n<p>Cuando tratamos sus datos personales, el RGPD le reconoce determinados derechos como interesado:\u200b\u200b<\/p>\n<p><strong>Derecho de acceso (Art. 15 RGPD)<\/strong><\/p>\n<p>Tiene derecho a obtener confirmaci\u00f3n de si se est\u00e1n tratando o no datos personales que le conciernen; en caso afirmativo, tiene derecho a acceder a dichos datos personales y a recibir la informaci\u00f3n indicada en el art\u00edculo 15 del RGPD.<\/p>\n<p><strong>Derecho de rectificaci\u00f3n (Art. 16 RGPD)<\/strong><\/p>\n<p>Tiene derecho a obtener la rectificaci\u00f3n de los datos personales inexactos que le conciernan y, teniendo en cuenta los fines del tratamiento, el derecho a que se completen los datos personales que sean incompletos, incluso mediante una declaraci\u00f3n adicional, sin dilaci\u00f3n indebida.<\/p>\n<p><strong>Derecho de supresi\u00f3n (Art. 17 RGPD)<\/strong><\/p>\n<p>Tiene derecho a obtener la supresi\u00f3n de los datos personales que le conciernan sin dilaci\u00f3n indebida cuando concurra alguno de los motivos establecidos en el art\u00edculo 17 del RGPD.<\/p>\n<p><strong>Derecho a la limitaci\u00f3n del tratamiento (Art. 18 RGPD)<\/strong><\/p>\n<p>Tiene derecho a solicitar la limitaci\u00f3n del tratamiento cuando se cumpla alguna de las condiciones previstas en el art\u00edculo 18 del RGPD; por ejemplo, cuando haya presentado una objeci\u00f3n al tratamiento, durante el periodo en que verificamos dicha objeci\u00f3n.<\/p>\n<p><strong>Derecho a la portabilidad de los datos (Art. 20 RGPD)<\/strong><\/p>\n<p>En determinados casos, detallados en el art\u00edculo 20 del RGPD, tiene derecho a recibir los datos personales que le incumban en un formato estructurado, de uso com\u00fan y lectura mec\u00e1nica, o a solicitar que dichos datos se transmitan a un tercero.<\/p>\n<p><strong>Derecho a retirar el consentimiento (Art. 7 RGPD)<\/strong><\/p>\n<p>Si el tratamiento de sus datos se basa en su consentimiento, tiene derecho a retirarlo en cualquier momento de conformidad con el art\u00edculo 7, apartado 3 del RGPD. Tenga en cuenta que la retirada s\u00f3lo surte efectos hacia el futuro. El tratamiento realizado con anterioridad a la retirada no se ver\u00e1 afectado.<\/p>\n<p><strong>Derecho de oposici\u00f3n (Art. 21 RGPD)<\/strong><\/p>\n<p>Si los datos se tratan sobre la base del art\u00edculo 6, apartado 1, letra f) del RGPD (intereses leg\u00edtimos) o del art\u00edculo 6, apartado 1, letra e) del RGPD (inter\u00e9s p\u00fablico o ejercicio de poderes p\u00fablicos), tiene derecho a oponerse al tratamiento en cualquier momento por motivos relacionados con su situaci\u00f3n particular.<\/p>\n<p>En tal caso, dejaremos de tratar los datos personales, salvo que existan motivos leg\u00edtimos imperiosos que prevalezcan sobre sus intereses, derechos y libertades, o que el tratamiento siga siendo necesario para la formulaci\u00f3n, el ejercicio o la defensa de reclamaciones.<\/p>\n<p><strong>Derecho a presentar una reclamaci\u00f3n ante una autoridad de control (Art. 77 RGPD)<\/strong><\/p>\n<p>De conformidad con el art\u00edculo 77 del RGPD, tiene derecho a presentar una reclamaci\u00f3n ante una autoridad de control si considera que el tratamiento de sus datos personales infringe la normativa de protecci\u00f3n de datos.<\/p>\n<p>Este derecho puede ejercerse, en particular, ante la autoridad de control del Estado miembro en el que tenga su residencia habitual, su lugar de trabajo o el lugar donde haya tenido lugar la supuesta infracci\u00f3n.<\/p>\n<h2>DATOS DE CONTACTO PARA PREGUNTAS Y EJERCICIO DE LOS DERECHOS DE LOS INTERESADOS<\/h2>\n<p>Si tiene alguna pregunta relacionada con la protecci\u00f3n de datos o desea ejercer sus derechos como interesado, p\u00f3ngase en contacto con nosotros en:<\/p>\n<p>E-Mail:\u00a0\u00a0\u00a0\u00a0\u00a0\u00a0\u00a0\u00a0\u00a0 <a href=\"mailto:windmanager@wpd.es\">windmanager@wpd.es<\/a><br \/>\nTel\u00e9fono:\u00a0\u00a0\u00a0\u00a0\u00a0\u00a0\u00a0\u00a0 +34 983 695 779<br \/>\nDirecci\u00f3n postal:\u00a0\u00a0\u00a0\u00a0\u00a0\u00a0 c\/ Z\u00fa\u00f1iga 2, 2D. 47001 Valladolid (Espa\u00f1a)<\/p>\n<p><strong>\u00a0<\/strong><\/p>\n<p><strong>\u00daltima actualizaci\u00f3n: Enero de 2026<\/strong><\/p>\n","protected":false},"excerpt":{"rendered":"Gracias por visitar nuestro sitio web. En esta Pol\u00edtica, nos gustar\u00eda informarle sobre c\u00f3mo tratamos sus datos de acuerdo con el art\u00edculo 13 del Reglamento General de Protecci\u00f3n de Datos (RGPD). \u200b\u200bRESPONSABLE DEL TRATAMIENTO El responsable del tratamiento para las operaciones de tratamiento de datos descritas a continuaci\u00f3n es: wpd windmanager Espa\u00f1a S.L.U. c\/ Z\u00fa\u00f1iga&#8230; <a class=\"view-article\" href=\"https:\/\/www.windmanager.de\/wpd-windmanager-espana\/politica-de-privacidad\/\">Ver art\u00edculo<\/a>","protected":false},"author":2,"featured_media":0,"parent":0,"menu_order":0,"comment_status":"closed","ping_status":"closed","template":"","meta":{"_acf_changed":false,"footnotes":""},"class_list":["post-41332","page","type-page","status-publish","hentry"],"acf":[],"yoast_head":"<!-- This site is optimized with the Yoast SEO plugin v27.3 - https:\/\/yoast.com\/product\/yoast-seo-wordpress\/ -->\n<title>Pol\u00edtica de Privacidad - wpd windmanager<\/title>\n<meta name=\"robots\" content=\"index, follow, max-snippet:-1, max-image-preview:large, max-video-preview:-1\" \/>\n<link rel=\"canonical\" href=\"https:\/\/www.windmanager.de\/wpd-windmanager-espana\/politica-de-privacidad\/\" \/>\n<meta property=\"og:locale\" content=\"es_ES\" \/>\n<meta property=\"og:type\" content=\"article\" \/>\n<meta property=\"og:title\" content=\"Pol\u00edtica de Privacidad - wpd windmanager\" \/>\n<meta property=\"og:description\" content=\"Gracias por visitar nuestro sitio web. En esta Pol\u00edtica, nos gustar\u00eda informarle sobre c\u00f3mo tratamos sus datos de acuerdo con el art\u00edculo 13 del Reglamento General de Protecci\u00f3n de Datos (RGPD). \u200b\u200bRESPONSABLE DEL TRATAMIENTO El responsable del tratamiento para las operaciones de tratamiento de datos descritas a continuaci\u00f3n es: wpd windmanager Espa\u00f1a S.L.U. c\/ Z\u00fa\u00f1iga... Ver art\u00edculo\" \/>\n<meta property=\"og:url\" content=\"https:\/\/www.windmanager.de\/wpd-windmanager-espana\/politica-de-privacidad\/\" \/>\n<meta property=\"og:site_name\" content=\"wpd windmanager Espa\u00f1a\" \/>\n<meta property=\"article:modified_time\" content=\"2026-02-26T15:09:20+00:00\" \/>\n<meta name=\"twitter:card\" content=\"summary_large_image\" \/>\n<meta name=\"twitter:label1\" content=\"Tiempo de lectura\" \/>\n\t<meta name=\"twitter:data1\" content=\"7 minutos\" \/>\n<script type=\"application\/ld+json\" class=\"yoast-schema-graph\">{\"@context\":\"https:\\\/\\\/schema.org\",\"@graph\":[{\"@type\":\"WebPage\",\"@id\":\"https:\\\/\\\/www.windmanager.de\\\/wpd-windmanager-espana\\\/politica-de-privacidad\\\/\",\"url\":\"https:\\\/\\\/www.windmanager.de\\\/wpd-windmanager-espana\\\/politica-de-privacidad\\\/\",\"name\":\"Pol\u00edtica de Privacidad - wpd windmanager\",\"isPartOf\":{\"@id\":\"https:\\\/\\\/www.windmanager.de\\\/wpd-windmanager-espana\\\/#website\"},\"datePublished\":\"2025-09-08T11:12:31+00:00\",\"dateModified\":\"2026-02-26T15:09:20+00:00\",\"breadcrumb\":{\"@id\":\"https:\\\/\\\/www.windmanager.de\\\/wpd-windmanager-espana\\\/politica-de-privacidad\\\/#breadcrumb\"},\"inLanguage\":\"es\",\"potentialAction\":[{\"@type\":\"ReadAction\",\"target\":[\"https:\\\/\\\/www.windmanager.de\\\/wpd-windmanager-espana\\\/politica-de-privacidad\\\/\"]}]},{\"@type\":\"BreadcrumbList\",\"@id\":\"https:\\\/\\\/www.windmanager.de\\\/wpd-windmanager-espana\\\/politica-de-privacidad\\\/#breadcrumb\",\"itemListElement\":[{\"@type\":\"ListItem\",\"position\":1,\"name\":\"Home\",\"item\":\"https:\\\/\\\/www.windmanager.de\\\/wpd-windmanager-espana\\\/\"},{\"@type\":\"ListItem\",\"position\":2,\"name\":\"Pol\u00edtica de Privacidad\"}]},{\"@type\":\"WebSite\",\"@id\":\"https:\\\/\\\/www.windmanager.de\\\/wpd-windmanager-espana\\\/#website\",\"url\":\"https:\\\/\\\/www.windmanager.de\\\/wpd-windmanager-espana\\\/\",\"name\":\"wpd windmanager Espa\u00f1a\",\"description\":\"\",\"potentialAction\":[{\"@type\":\"SearchAction\",\"target\":{\"@type\":\"EntryPoint\",\"urlTemplate\":\"https:\\\/\\\/www.windmanager.de\\\/wpd-windmanager-espana\\\/?s={search_term_string}\"},\"query-input\":{\"@type\":\"PropertyValueSpecification\",\"valueRequired\":true,\"valueName\":\"search_term_string\"}}],\"inLanguage\":\"es\"}]}<\/script>\n<!-- \/ Yoast SEO plugin. -->","yoast_head_json":{"title":"Pol\u00edtica de Privacidad - wpd windmanager","robots":{"index":"index","follow":"follow","max-snippet":"max-snippet:-1","max-image-preview":"max-image-preview:large","max-video-preview":"max-video-preview:-1"},"canonical":"https:\/\/www.windmanager.de\/wpd-windmanager-espana\/politica-de-privacidad\/","og_locale":"es_ES","og_type":"article","og_title":"Pol\u00edtica de Privacidad - wpd windmanager","og_description":"Gracias por visitar nuestro sitio web. En esta Pol\u00edtica, nos gustar\u00eda informarle sobre c\u00f3mo tratamos sus datos de acuerdo con el art\u00edculo 13 del Reglamento General de Protecci\u00f3n de Datos (RGPD). \u200b\u200bRESPONSABLE DEL TRATAMIENTO El responsable del tratamiento para las operaciones de tratamiento de datos descritas a continuaci\u00f3n es: wpd windmanager Espa\u00f1a S.L.U. c\/ Z\u00fa\u00f1iga... Ver art\u00edculo","og_url":"https:\/\/www.windmanager.de\/wpd-windmanager-espana\/politica-de-privacidad\/","og_site_name":"wpd windmanager Espa\u00f1a","article_modified_time":"2026-02-26T15:09:20+00:00","twitter_card":"summary_large_image","twitter_misc":{"Tiempo de lectura":"7 minutos"},"schema":{"@context":"https:\/\/schema.org","@graph":[{"@type":"WebPage","@id":"https:\/\/www.windmanager.de\/wpd-windmanager-espana\/politica-de-privacidad\/","url":"https:\/\/www.windmanager.de\/wpd-windmanager-espana\/politica-de-privacidad\/","name":"Pol\u00edtica de Privacidad - wpd windmanager","isPartOf":{"@id":"https:\/\/www.windmanager.de\/wpd-windmanager-espana\/#website"},"datePublished":"2025-09-08T11:12:31+00:00","dateModified":"2026-02-26T15:09:20+00:00","breadcrumb":{"@id":"https:\/\/www.windmanager.de\/wpd-windmanager-espana\/politica-de-privacidad\/#breadcrumb"},"inLanguage":"es","potentialAction":[{"@type":"ReadAction","target":["https:\/\/www.windmanager.de\/wpd-windmanager-espana\/politica-de-privacidad\/"]}]},{"@type":"BreadcrumbList","@id":"https:\/\/www.windmanager.de\/wpd-windmanager-espana\/politica-de-privacidad\/#breadcrumb","itemListElement":[{"@type":"ListItem","position":1,"name":"Home","item":"https:\/\/www.windmanager.de\/wpd-windmanager-espana\/"},{"@type":"ListItem","position":2,"name":"Pol\u00edtica de Privacidad"}]},{"@type":"WebSite","@id":"https:\/\/www.windmanager.de\/wpd-windmanager-espana\/#website","url":"https:\/\/www.windmanager.de\/wpd-windmanager-espana\/","name":"wpd windmanager Espa\u00f1a","description":"","potentialAction":[{"@type":"SearchAction","target":{"@type":"EntryPoint","urlTemplate":"https:\/\/www.windmanager.de\/wpd-windmanager-espana\/?s={search_term_string}"},"query-input":{"@type":"PropertyValueSpecification","valueRequired":true,"valueName":"search_term_string"}}],"inLanguage":"es"}]}},"_links":{"self":[{"href":"https:\/\/www.windmanager.de\/wpd-windmanager-espana\/wp-json\/wp\/v2\/pages\/41332","targetHints":{"allow":["GET"]}}],"collection":[{"href":"https:\/\/www.windmanager.de\/wpd-windmanager-espana\/wp-json\/wp\/v2\/pages"}],"about":[{"href":"https:\/\/www.windmanager.de\/wpd-windmanager-espana\/wp-json\/wp\/v2\/types\/page"}],"author":[{"embeddable":true,"href":"https:\/\/www.windmanager.de\/wpd-windmanager-espana\/wp-json\/wp\/v2\/users\/2"}],"replies":[{"embeddable":true,"href":"https:\/\/www.windmanager.de\/wpd-windmanager-espana\/wp-json\/wp\/v2\/comments?post=41332"}],"version-history":[{"count":7,"href":"https:\/\/www.windmanager.de\/wpd-windmanager-espana\/wp-json\/wp\/v2\/pages\/41332\/revisions"}],"predecessor-version":[{"id":41376,"href":"https:\/\/www.windmanager.de\/wpd-windmanager-espana\/wp-json\/wp\/v2\/pages\/41332\/revisions\/41376"}],"wp:attachment":[{"href":"https:\/\/www.windmanager.de\/wpd-windmanager-espana\/wp-json\/wp\/v2\/media?parent=41332"}],"curies":[{"name":"wp","href":"https:\/\/api.w.org\/{rel}","templated":true}]}}