{"id":41341,"date":"2025-09-05T18:36:52","date_gmt":"2025-09-05T16:36:52","guid":{"rendered":"https:\/\/www.windmanager.de\/wpd-windmanager-france\/?page_id=41341"},"modified":"2026-04-10T14:55:02","modified_gmt":"2026-04-10T12:55:02","slug":"politique-de-confidentialite","status":"publish","type":"page","link":"https:\/\/www.windmanager.de\/wpd-windmanager-france\/politique-de-confidentialite\/","title":{"rendered":"Politique de confidentialit\u00e9"},"content":{"rendered":"<p>Merci pour votre visite sur notre site web. Dans la pr\u00e9sente politique, nous souhaitons vous informer de la mani\u00e8re dont nous traitons vos donn\u00e9es conform\u00e9ment \u00e0 l&rsquo;article 13 du r\u00e8glement g\u00e9n\u00e9ral sur la protection des donn\u00e9es (RGPD).<\/p>\n<h2>\u200b\u200bRESPONSABLE<\/h2>\n<p>Le responsable du traitement des donn\u00e9es d\u00e9crit ci-apr\u00e8s est :<\/p>\n<p><strong>wpd windmanager France SAS<br \/>\n29 rue des Rosati, 62000 Arras, France<\/strong><\/p>\n<p>&nbsp;<\/p>\n<h2>DONN\u00c9ES D&rsquo;UTILISATION<\/h2>\n<p>Lorsque vous visitez notre site web, notre serveur web \u00e9value temporairement les donn\u00e9es d&rsquo;utilisation \u00e0 des fins statistiques afin d&rsquo;am\u00e9liorer la qualit\u00e9 de notre site web. Ces donn\u00e9es comprennent les cat\u00e9gories suivantes :<\/p>\n<ul>\n<li>le nom et l&rsquo;adresse du contenu demand\u00e9,<\/li>\n<li>la date et l&rsquo;heure de la requ\u00eate,<\/li>\n<li>le volume de donn\u00e9es transf\u00e9r\u00e9es,<\/li>\n<li>le statut d&rsquo;acc\u00e8s (contenu transf\u00e9r\u00e9, contenu introuvable),<\/li>\n<li>la description du navigateur web et du syst\u00e8me d&rsquo;exploitation utilis\u00e9s,<\/li>\n<li>le lien de r\u00e9f\u00e9rence, qui indique \u00e0 partir de quelle page vous avez acc\u00e9d\u00e9 \u00e0 la n\u00f4tre,<\/li>\n<li>l&rsquo;adresse IP de l&rsquo;ordinateur demandeur, qui est raccourcie de mani\u00e8re qu&rsquo;aucune r\u00e9f\u00e9rence personnelle ne puisse \u00eatre \u00e9tablie.<\/li>\n<\/ul>\n<p>Les donn\u00e9es de connexion susmentionn\u00e9es ne seront \u00e9valu\u00e9es que de mani\u00e8re anonyme.<\/p>\n<p>La base juridique du traitement des donn\u00e9es d&rsquo;utilisation est l&rsquo;art. 6, alin\u00e9a 1, point f) du RGPD. Le traitement est effectu\u00e9 dans notre int\u00e9r\u00eat l\u00e9gitime de fournir le contenu du site web et d&rsquo;assurer un affichage optimis\u00e9 selon les appareils et les navigateurs.<\/p>\n<h2>S\u00c9CURIT\u00c9 DES DONN\u00c9ES<\/h2>\n<p>Nous prenons des mesures techniques et organisationnelles pour prot\u00e9ger vos donn\u00e9es de mani\u00e8re aussi compl\u00e8te que possible contre tout acc\u00e8s ind\u00e9sirable. Ces mesures comprennent des proc\u00e9dures de cryptage sur nos pages web. Vos donn\u00e9es sont transf\u00e9r\u00e9es de votre ordinateur \u00e0 notre serveur et vice versa via Internet \u00e0 l&rsquo;aide du cryptage TLS.<\/p>\n<p>Vous pouvez g\u00e9n\u00e9ralement le reconna\u00eetre au fait qu\u2019un symbole de cadenas ferm\u00e9 appara\u00eet dans la barre d&rsquo;\u00e9tat de votre navigateur et que l\u2019adresse web commence par https:\/\/.<\/p>\n<h2>BANNI\u00c8RE DE COOKIE<\/h2>\n<p>Nous utilisons une plateforme de gestion du consentement (banni\u00e8re de consentement ou de cookies) sur nos sites web. Le traitement des donn\u00e9es li\u00e9 \u00e0 l&rsquo;utilisation de la plateforme de gestion du consentement et \u00e0 l&rsquo;enregistrement des param\u00e8tres que vous avez d\u00e9finis est effectu\u00e9 sur la base de l&rsquo;art. 6, alin\u00e9a 1, point f) du RGPD, dans notre int\u00e9r\u00eat l\u00e9gitime \u00e0 vous proposer des contenus adapt\u00e9s \u00e0 vos pr\u00e9f\u00e9rences et \u00e0 pouvoir prouver le(s) consentement(s) que vous avez donn\u00e9(s).  Les param\u00e8tres que vous avez d\u00e9finis, le consentement que vous avez donn\u00e9 et certaines de vos donn\u00e9es d&rsquo;utilisation sont stock\u00e9s dans un cookie. Celui-ci est conserv\u00e9 dans l\u2019\u00e9ventualit\u00e9 de demandes de pages ult\u00e9rieures et afin que votre consentement puisse toujours \u00eatre retrac\u00e9. Vous trouverez plus d&rsquo;informations \u00e0 ce sujet dans la section \u00ab Cookies n\u00e9cessaires \u00bb.<\/p>\n<h2>COOKIES N\u00c9CESSAIRES<\/h2>\n<p>Sur notre site web, nous utilisons des cookies qui sont n\u00e9cessaires au fonctionnement du site.<\/p>\n<p>Les cookies sont de petits fichiers texte qui peuvent \u00eatre plac\u00e9s sur votre ordinateur ou votre appareil mobile par les sites web que vous visitez. On distingue les cookies de session, qui sont supprim\u00e9s d\u00e8s que vous fermez votre navigateur, et les cookies permanents, qui sont stock\u00e9s au-del\u00e0 de la session individuelle.<\/p>\n<p>Nous n&rsquo;utilisons pas ces cookies n\u00e9cessaires \u00e0 des fins d&rsquo;analyse, de suivi ou de publicit\u00e9.<\/p>\n<p>Dans certains cas, ces cookies ne contiennent que des informations sur certains param\u00e8tres et ne peuvent \u00eatre li\u00e9s \u00e0 une personne. Ils peuvent \u00e9galement \u00eatre n\u00e9cessaires pour permettre le guidage des utilisateurs, la s\u00e9curit\u00e9 et la mise en \u0153uvre du site.<\/p>\n<p>La base juridique pour l&rsquo;utilisation de ces cookies est notre int\u00e9r\u00eat l\u00e9gitime conform\u00e9ment \u00e0 l&rsquo;art. 6, alin\u00e9a 1, point f) du RGPD.<\/p>\n<p>Vous pouvez configurer votre navigateur pour qu&rsquo;il vous informe de l&rsquo;installation de cookies. Cela permet de rendre l&rsquo;utilisation des cookies transparente pour vous. Vous pouvez \u00e9galement supprimer les cookies ou emp\u00eacher l&rsquo;installation de nouveaux cookies \u00e0 tout moment en utilisant les param\u00e8tres appropri\u00e9s de votre navigateur. Veuillez noter que si vous supprimez certains cookies, nos pages web peuvent ne pas s&rsquo;afficher correctement et certaines fonctions peuvent ne plus \u00eatre disponibles.<\/p>\n<table class=\"table table-striped mb-5\" style=\"font-size: 1rem;\" width=\"100%\">\n<thead>\n<tr>\n<td><strong>Fournisseur<\/strong><\/td>\n<td><strong>Finalit\u00e9<\/strong><\/td>\n<td><strong>Dur\u00e9e maximale de conservation<\/strong><\/td>\n<\/tr>\n<\/thead>\n<tbody>\n<tr>\n<td>wpd windmanager GmbH &amp; Co. KG<\/td>\n<td>Enregistre les param\u00e8tres s\u00e9lectionn\u00e9s par les visiteurs dans la bo\u00eete \u00e0 cookies de Borlabs Cookie (gestion du consentement)<\/td>\n<td>365 jours<\/td>\n<\/tr>\n<\/tbody>\n<\/table>\n<h2><\/h2>\n<h2>MATOMO<\/h2>\n<p>Nous utilisons l&rsquo;outil d&rsquo;analyse web \u00ab Matomo \u00bb pour concevoir nos sites web en fonction de vos besoins. Matomo cr\u00e9e des profils d&rsquo;utilisateurs bas\u00e9s sur des pseudonymes. \u00c0 cette fin, des cookies permanents sont stock\u00e9s sur votre appareil et auxquels nous avons acc\u00e8s. Cela nous permet de reconna\u00eetre et de mesurer les visiteurs qui reviennent sur notre site.<\/p>\n<p>Le traitement des donn\u00e9es est bas\u00e9 sur votre consentement conform\u00e9ment \u00e0 l&rsquo;art. 6, alin\u00e9a 1, point a) du RGPD, si vous avez donn\u00e9 votre consentement via notre banni\u00e8re de cookies. Vous pouvez retirer votre consentement \u00e0 tout moment. Veuillez suivre ce lien et effectuer les r\u00e9glages appropri\u00e9s via notre banni\u00e8re.<\/p>\n<p>Les cookies seront g\u00e9n\u00e9ralement supprim\u00e9s ou ne seront plus trait\u00e9s apr\u00e8s 13 mois ou apr\u00e8s le retrait de votre consentement.<\/p>\n<table class=\"table table-striped mb-5\" style=\"font-size: 1rem;\" width=\"100%\">\n<thead>\n<tr>\n<td width=\"107\"><strong>Cookie<\/strong><\/td>\n<td width=\"413\"><strong>Finalit\u00e9<\/strong><\/td>\n<td width=\"90\"><strong>Dur\u00e9e maximale de conservation<\/strong><\/td>\n<\/tr>\n<\/thead>\n<tbody>\n<tr>\n<td width=\"107\">_pk_id<\/td>\n<td width=\"413\">Stocke des informations sur le visiteur, y compris l&rsquo;identifiant utilisateur<\/td>\n<td width=\"90\">393 jours<\/td>\n<\/tr>\n<tr>\n<td width=\"107\">_pk_ses.<\/td>\n<td width=\"413\">Stocke l&rsquo;origine (r\u00e9f\u00e9rent) du visiteur de notre site web<\/td>\n<td width=\"90\">1 jour<\/td>\n<\/tr>\n<\/tbody>\n<\/table>\n<h2><\/h2>\n<h2>DUR\u00c9E DE CONSERVATION<\/h2>\n<p>Sauf indication contraire, nous supprimons vos donn\u00e9es personnelles lorsqu&rsquo;elles ne sont plus n\u00e9cessaires aux fins de traitement concern\u00e9es et qu&rsquo;aucune obligation l\u00e9gale de conservation ne s&rsquo;oppose \u00e0 leur suppression.<\/p>\n<h2>PROCESSUS DE RECRUTEMENT<\/h2>\n<p>Nous pouvons collecter des donn\u00e9es personnelles vous concernant \u00e0 partir des sources suivantes : (i) directement aupr\u00e8s de vous, lorsque vous soumettez une candidature par quelque canal que ce soit ; (ii) aupr\u00e8s de tiers agissant en votre nom ou vous recommandant aupr\u00e8s de nous, tels que des agences de recrutement, des chasseurs de t\u00eates ou des r\u00e9f\u00e9rences professionnelles ; ou (iii) de notre propre initiative, \u00e0 partir de sources accessibles au public telles que LinkedIn ou d&rsquo;autres plateformes de r\u00e9seautage professionnel similaires, sur lesquelles vous pouvez raisonnablement vous attendre \u00e0 ce que votre profil soit consult\u00e9 dans le cadre d&rsquo;opportunit\u00e9s d&#8217;emploi. Dans tous les cas, nous pouvons collecter et traiter des donn\u00e9es personnelles telles que vos Nom, Pr\u00e9nom, Adresse, Adresse Mail, les informations concernant le poste souhait\u00e9, votre CV, vos Dipl\u00f4mes et \u00e9ventuelles qualifications.<\/p>\n<p>Nous traitons ces donn\u00e9es sur la base des mesures pr\u00e9contractuelles prises \u00e0 votre demande, en application de l&rsquo;Article 6 alin\u00e9a 1 point b) du RGPD et de l&rsquo;Article L1221-6 du Code du Travail. Lorsque nous vous contactons de notre propre initiative \u00e0 partir de sources publiques, la prise de contact initiale repose quant \u00e0 elle sur notre int\u00e9r\u00eat l\u00e9gitime en application de l&rsquo;Article 6 alin\u00e9a 1 point f) du RGPD, \u00e9tant pr\u00e9cis\u00e9 que si vous d\u00e9cidez de participer au processus de recrutement, le traitement bascule vers la base l\u00e9gale pr\u00e9cit\u00e9e. Vous pouvez \u00e0 tout moment vous opposer \u00e0 \u00eatre contact\u00e9(e) \u00e0 des fins de recrutement.<\/p>\n<p>Vous \u00eates par ailleurs libre de nous communiquer toute autre information que vous jugez pertinente \u00e0 votre candidature, telles que votre photo, vos num\u00e9ros de t\u00e9l\u00e9phone, date de naissance, etc. Dans la mesure o\u00f9 vous nous faites parvenir ces informations, celles-ci seront trait\u00e9es sur la base de votre consentement en application de l&rsquo;Article 6 alin\u00e9a 1 point a) du RGPD et de l&rsquo;Article L1221-6 du Code du Travail.<\/p>\n<p>Les donn\u00e9es que nous traitons restent strictement confidentielles. Lorsque nous faisons appel \u00e0 des sous-traitants en mati\u00e8re de traitement \u00e9lectronique des donn\u00e9es, ces derniers sont strictement li\u00e9s par les dispositions des contrats de sous-traitance conclus avec eux.<\/p>\n<p>En ce qui concerne la dur\u00e9e de conservation de vos donn\u00e9es, celle-ci varie selon l&rsquo;issue du processus de recrutement. En cas de candidature retenue et de conclusion d&rsquo;un contrat de travail, vos donn\u00e9es seront conserv\u00e9es conform\u00e9ment \u00e0 l&rsquo;Article 6 alin\u00e9a 1 point b) du RGPD et aux dispositions applicables du Code du Travail. En cas de candidature non retenue, vos donn\u00e9es seront conserv\u00e9es pour la dur\u00e9e n\u00e9cessaire \u00e0 la protection de notre int\u00e9r\u00eat l\u00e9gitime, notamment en cas d&rsquo;\u00e9ventuelle plainte ou r\u00e9clamation, en application de l&rsquo;Article 6 alin\u00e9a 1 point f) du RGPD.<\/p>\n<p>Dans le cas o\u00f9 nous souhaitons conserver votre candidature en vue d&rsquo;\u00e9ventuels postes \u00e0 pourvoir dans le futur, nous vous en informerons explicitement. Vos donn\u00e9es seront alors conserv\u00e9es pour une dur\u00e9e maximale de 2 ans \u00e0 compter de cette information. Vous pouvez \u00e0 tout moment vous opposer \u00e0 cette conservation ou demander la suppression de vos donn\u00e9es \u00e0 cet effet, sans que cela n&rsquo;affecte votre candidature en cours.<\/p>\n<h2>VOS DROITS EN TANT QUE PERSONNE CONCERN\u00c9E<\/h2>\n<p>Lors du traitement de vos donn\u00e9es \u00e0 caract\u00e8re personnel, le RGPD vous accorde certains droits en tant que personne concern\u00e9e :<\/p>\n<p><strong>Droit d&rsquo;acc\u00e8s de la personne concern\u00e9e (art. 15 du RGPD)<\/strong><\/p>\n<p>Vous avez le droit d&rsquo;obtenir la confirmation que des donn\u00e9es \u00e0 caract\u00e8re personnel vous concernant sont trait\u00e9es ou non et, lorsqu&rsquo;elles le sont, vous avez le droit d&rsquo;acc\u00e9der \u00e0 ces donn\u00e9es \u00e0 caract\u00e8re personnel et d&rsquo;obtenir les informations \u00e9num\u00e9r\u00e9es \u00e0 l&rsquo;art. 15 du RGPD.<\/p>\n<p><strong>Droit de rectification (art. 16 du RGPD)<\/strong><\/p>\n<p>Vous avez le droit d&rsquo;obtenir la rectification des donn\u00e9es \u00e0 caract\u00e8re personnel inexactes vous concernant et, compte tenu des finalit\u00e9s du traitement, le droit de faire compl\u00e9ter les donn\u00e9es \u00e0 caract\u00e8re personnel incompl\u00e8tes, y compris en fournissant sans d\u00e9lai une d\u00e9claration compl\u00e9mentaire.<\/p>\n<p><strong>Droit \u00e0 l&rsquo;effacement (art. 17 du RGPD)<\/strong><\/p>\n<p>Vous avez le droit d&rsquo;obtenir l&rsquo;effacement des donn\u00e9es \u00e0 caract\u00e8re personnel vous concernant sans retard injustifi\u00e9 si l&rsquo;un des motifs \u00e9num\u00e9r\u00e9s \u00e0 l&rsquo;art. 17 du RGPD s&rsquo;applique.<\/p>\n<p><strong>Droit \u00e0 la limitation du traitement (art. 18 du RGPD)<\/strong><\/p>\n<p>Vous avez le droit de demander la limitation du traitement si l&rsquo;une des conditions \u00e9num\u00e9r\u00e9es \u00e0 l&rsquo;art. 18 du RGPD est remplie, par exemple si vous vous \u00eates oppos\u00e9 au traitement, pendant la dur\u00e9e de notre examen.<\/p>\n<p><strong>Droit \u00e0 la portabilit\u00e9 des donn\u00e9es (art. 20 du RGPD)<\/strong><\/p>\n<p>Dans certains cas, qui sont \u00e9num\u00e9r\u00e9s en d\u00e9tail \u00e0 l&rsquo;article 20 du RGPD, vous avez le droit de recevoir les donn\u00e9es \u00e0 caract\u00e8re personnel vous concernant dans un format structur\u00e9, couramment utilis\u00e9 et lisible par machine, ou de demander que ces donn\u00e9es soient transf\u00e9r\u00e9es \u00e0 un tiers.<\/p>\n<p><strong>Droit de retirer votre consentement (art. 7 du RGPD)<\/strong><\/p>\n<p>Si le traitement des donn\u00e9es est bas\u00e9 sur votre consentement, vous avez le droit de retirer votre consentement \u00e0 l&rsquo;utilisation de vos donn\u00e9es \u00e0 caract\u00e8re personnel \u00e0 tout moment, conform\u00e9ment \u00e0 l&rsquo;art. 7 alin\u00e9a 3 du RGPD. Veuillez noter que le retrait n&rsquo;est effectif que pour l&rsquo;avenir. Le traitement qui a eu lieu avant le retrait n&rsquo;est pas affect\u00e9.<\/p>\n<p><strong>Droit d&rsquo;opposition (art. 21 du RGPD)<\/strong><\/p>\n<p>Si les donn\u00e9es sont collect\u00e9es sur la base de l&rsquo;art. 6, al. 1, let. f du RGPD (traitement des donn\u00e9es \u00e0 des fins d&rsquo;int\u00e9r\u00eats l\u00e9gitimes) ou sur la base de l&rsquo;art. 6, al. 1, let. e du RGPD (traitement des donn\u00e9es \u00e0 des fins d&rsquo;int\u00e9r\u00eat public ou dans l&rsquo;exercice de l&rsquo;autorit\u00e9 publique), vous avez le droit de vous opposer \u00e0 tout moment au traitement pour des raisons tenant \u00e0 votre situation particuli\u00e8re. Nous ne traiterons alors plus les donn\u00e9es \u00e0 caract\u00e8re personnel, \u00e0 moins qu&rsquo;il n&rsquo;existe des motifs l\u00e9gitimes et imp\u00e9rieux pour le traitement qui pr\u00e9valent sur vos int\u00e9r\u00eats, droits et libert\u00e9s, ou si les donn\u00e9es sont encore n\u00e9cessaires \u00e0 la constatation, \u00e0 l&rsquo;exercice ou \u00e0 la d\u00e9fense de droits en justice.<\/p>\n<p><strong>Droit d&rsquo;introduire une r\u00e9clamation aupr\u00e8s d&rsquo;une autorit\u00e9 de contr\u00f4le (art. 77 du RGPD)<\/strong><\/p>\n<p>Conform\u00e9ment \u00e0 l&rsquo;art. 77 du RGPD, vous avez le droit d&rsquo;introduire une r\u00e9clamation aupr\u00e8s d&rsquo;une autorit\u00e9 de contr\u00f4le si vous estimez que le traitement de vos donn\u00e9es enfreint les dispositions relatives \u00e0 la protection des donn\u00e9es. Ce droit peut \u00eatre exerc\u00e9 notamment aupr\u00e8s d&rsquo;une autorit\u00e9 de contr\u00f4le dans l&rsquo;\u00c9tat membre dans lequel vous r\u00e9sidez habituellement, dans lequel vous travaillez ou dans lequel l&rsquo;infraction pr\u00e9sum\u00e9e a \u00e9t\u00e9 commise.<\/p>\n<h2>COORDONN\u00c9ES DE CONTACT POUR LES QUESTIONS ET L&rsquo;EXERCICE DES DROITS DES PERSONNES CONCERN\u00c9ES<\/h2>\n<p>Si vous avez des questions concernant la protection des donn\u00e9es ou si vous souhaitez exercer vos droits en tant que personne concern\u00e9e, veuillez nous contacter \u00e0 l&rsquo;adresse suivante :<\/p>\n<p>E-mail :     <a href=\"mailto:dataprotection-wm@wpd.de\">dataprotection-wm@wpd.de<\/a><br \/>\nAdresse postale :    29 rue des Rosati, 62000 Arras, France<\/p>\n<p>&nbsp;<\/p>\n<p><strong>Derni\u00e8re mise \u00e0 jour : Mars 2026<\/strong><\/p>\n","protected":false},"excerpt":{"rendered":"Merci pour votre visite sur notre site web. Dans la pr\u00e9sente politique, nous souhaitons vous informer de la mani\u00e8re dont nous traitons vos donn\u00e9es conform\u00e9ment \u00e0 l&rsquo;article 13 du r\u00e8glement g\u00e9n\u00e9ral sur la protection des donn\u00e9es (RGPD). \u200b\u200bRESPONSABLE Le responsable du traitement des donn\u00e9es d\u00e9crit ci-apr\u00e8s est : wpd windmanager France SAS 29 rue des&#8230; <a class=\"view-article\" href=\"https:\/\/www.windmanager.de\/wpd-windmanager-france\/politique-de-confidentialite\/\">Voir l&rsquo;article<\/a>","protected":false},"author":2,"featured_media":0,"parent":0,"menu_order":0,"comment_status":"closed","ping_status":"closed","template":"","meta":{"_acf_changed":false,"footnotes":""},"class_list":["post-41341","page","type-page","status-publish","hentry"],"acf":[],"yoast_head":"<!-- This site is optimized with the Yoast SEO plugin v27.3 - https:\/\/yoast.com\/product\/yoast-seo-wordpress\/ -->\n<title>Politique de confidentialit\u00e9 - wpd windmanager<\/title>\n<meta name=\"robots\" content=\"index, follow, max-snippet:-1, max-image-preview:large, max-video-preview:-1\" \/>\n<link rel=\"canonical\" href=\"https:\/\/www.windmanager.de\/wpd-windmanager-france\/politique-de-confidentialite\/\" \/>\n<meta property=\"og:locale\" content=\"fr_FR\" \/>\n<meta property=\"og:type\" content=\"article\" \/>\n<meta property=\"og:title\" content=\"Politique de confidentialit\u00e9 - wpd windmanager\" \/>\n<meta property=\"og:description\" content=\"Merci pour votre visite sur notre site web. Dans la pr\u00e9sente politique, nous souhaitons vous informer de la mani\u00e8re dont nous traitons vos donn\u00e9es conform\u00e9ment \u00e0 l&rsquo;article 13 du r\u00e8glement g\u00e9n\u00e9ral sur la protection des donn\u00e9es (RGPD). \u200b\u200bRESPONSABLE Le responsable du traitement des donn\u00e9es d\u00e9crit ci-apr\u00e8s est : wpd windmanager France SAS 29 rue des... Voir l&#039;article\" \/>\n<meta property=\"og:url\" content=\"https:\/\/www.windmanager.de\/wpd-windmanager-france\/politique-de-confidentialite\/\" \/>\n<meta property=\"og:site_name\" content=\"wpd windmanager France\" \/>\n<meta property=\"article:modified_time\" content=\"2026-04-10T12:55:02+00:00\" \/>\n<meta name=\"twitter:card\" content=\"summary_large_image\" \/>\n<meta name=\"twitter:label1\" content=\"Dur\u00e9e de lecture estim\u00e9e\" \/>\n\t<meta name=\"twitter:data1\" content=\"8 minutes\" \/>\n<script type=\"application\/ld+json\" class=\"yoast-schema-graph\">{\"@context\":\"https:\\\/\\\/schema.org\",\"@graph\":[{\"@type\":\"WebPage\",\"@id\":\"https:\\\/\\\/www.windmanager.de\\\/wpd-windmanager-france\\\/politique-de-confidentialite\\\/\",\"url\":\"https:\\\/\\\/www.windmanager.de\\\/wpd-windmanager-france\\\/politique-de-confidentialite\\\/\",\"name\":\"Politique de confidentialit\u00e9 - wpd windmanager\",\"isPartOf\":{\"@id\":\"https:\\\/\\\/www.windmanager.de\\\/wpd-windmanager-france\\\/#website\"},\"datePublished\":\"2025-09-05T16:36:52+00:00\",\"dateModified\":\"2026-04-10T12:55:02+00:00\",\"breadcrumb\":{\"@id\":\"https:\\\/\\\/www.windmanager.de\\\/wpd-windmanager-france\\\/politique-de-confidentialite\\\/#breadcrumb\"},\"inLanguage\":\"fr-FR\",\"potentialAction\":[{\"@type\":\"ReadAction\",\"target\":[\"https:\\\/\\\/www.windmanager.de\\\/wpd-windmanager-france\\\/politique-de-confidentialite\\\/\"]}]},{\"@type\":\"BreadcrumbList\",\"@id\":\"https:\\\/\\\/www.windmanager.de\\\/wpd-windmanager-france\\\/politique-de-confidentialite\\\/#breadcrumb\",\"itemListElement\":[{\"@type\":\"ListItem\",\"position\":1,\"name\":\"Home\",\"item\":\"https:\\\/\\\/www.windmanager.de\\\/wpd-windmanager-france\\\/\"},{\"@type\":\"ListItem\",\"position\":2,\"name\":\"Politique de confidentialit\u00e9\"}]},{\"@type\":\"WebSite\",\"@id\":\"https:\\\/\\\/www.windmanager.de\\\/wpd-windmanager-france\\\/#website\",\"url\":\"https:\\\/\\\/www.windmanager.de\\\/wpd-windmanager-france\\\/\",\"name\":\"wpd windmanager France\",\"description\":\"\",\"potentialAction\":[{\"@type\":\"SearchAction\",\"target\":{\"@type\":\"EntryPoint\",\"urlTemplate\":\"https:\\\/\\\/www.windmanager.de\\\/wpd-windmanager-france\\\/?s={search_term_string}\"},\"query-input\":{\"@type\":\"PropertyValueSpecification\",\"valueRequired\":true,\"valueName\":\"search_term_string\"}}],\"inLanguage\":\"fr-FR\"}]}<\/script>\n<!-- \/ Yoast SEO plugin. -->","yoast_head_json":{"title":"Politique de confidentialit\u00e9 - wpd windmanager","robots":{"index":"index","follow":"follow","max-snippet":"max-snippet:-1","max-image-preview":"max-image-preview:large","max-video-preview":"max-video-preview:-1"},"canonical":"https:\/\/www.windmanager.de\/wpd-windmanager-france\/politique-de-confidentialite\/","og_locale":"fr_FR","og_type":"article","og_title":"Politique de confidentialit\u00e9 - wpd windmanager","og_description":"Merci pour votre visite sur notre site web. Dans la pr\u00e9sente politique, nous souhaitons vous informer de la mani\u00e8re dont nous traitons vos donn\u00e9es conform\u00e9ment \u00e0 l&rsquo;article 13 du r\u00e8glement g\u00e9n\u00e9ral sur la protection des donn\u00e9es (RGPD). \u200b\u200bRESPONSABLE Le responsable du traitement des donn\u00e9es d\u00e9crit ci-apr\u00e8s est : wpd windmanager France SAS 29 rue des... Voir l'article","og_url":"https:\/\/www.windmanager.de\/wpd-windmanager-france\/politique-de-confidentialite\/","og_site_name":"wpd windmanager France","article_modified_time":"2026-04-10T12:55:02+00:00","twitter_card":"summary_large_image","twitter_misc":{"Dur\u00e9e de lecture estim\u00e9e":"8 minutes"},"schema":{"@context":"https:\/\/schema.org","@graph":[{"@type":"WebPage","@id":"https:\/\/www.windmanager.de\/wpd-windmanager-france\/politique-de-confidentialite\/","url":"https:\/\/www.windmanager.de\/wpd-windmanager-france\/politique-de-confidentialite\/","name":"Politique de confidentialit\u00e9 - wpd windmanager","isPartOf":{"@id":"https:\/\/www.windmanager.de\/wpd-windmanager-france\/#website"},"datePublished":"2025-09-05T16:36:52+00:00","dateModified":"2026-04-10T12:55:02+00:00","breadcrumb":{"@id":"https:\/\/www.windmanager.de\/wpd-windmanager-france\/politique-de-confidentialite\/#breadcrumb"},"inLanguage":"fr-FR","potentialAction":[{"@type":"ReadAction","target":["https:\/\/www.windmanager.de\/wpd-windmanager-france\/politique-de-confidentialite\/"]}]},{"@type":"BreadcrumbList","@id":"https:\/\/www.windmanager.de\/wpd-windmanager-france\/politique-de-confidentialite\/#breadcrumb","itemListElement":[{"@type":"ListItem","position":1,"name":"Home","item":"https:\/\/www.windmanager.de\/wpd-windmanager-france\/"},{"@type":"ListItem","position":2,"name":"Politique de confidentialit\u00e9"}]},{"@type":"WebSite","@id":"https:\/\/www.windmanager.de\/wpd-windmanager-france\/#website","url":"https:\/\/www.windmanager.de\/wpd-windmanager-france\/","name":"wpd windmanager France","description":"","potentialAction":[{"@type":"SearchAction","target":{"@type":"EntryPoint","urlTemplate":"https:\/\/www.windmanager.de\/wpd-windmanager-france\/?s={search_term_string}"},"query-input":{"@type":"PropertyValueSpecification","valueRequired":true,"valueName":"search_term_string"}}],"inLanguage":"fr-FR"}]}},"_links":{"self":[{"href":"https:\/\/www.windmanager.de\/wpd-windmanager-france\/wp-json\/wp\/v2\/pages\/41341","targetHints":{"allow":["GET"]}}],"collection":[{"href":"https:\/\/www.windmanager.de\/wpd-windmanager-france\/wp-json\/wp\/v2\/pages"}],"about":[{"href":"https:\/\/www.windmanager.de\/wpd-windmanager-france\/wp-json\/wp\/v2\/types\/page"}],"author":[{"embeddable":true,"href":"https:\/\/www.windmanager.de\/wpd-windmanager-france\/wp-json\/wp\/v2\/users\/2"}],"replies":[{"embeddable":true,"href":"https:\/\/www.windmanager.de\/wpd-windmanager-france\/wp-json\/wp\/v2\/comments?post=41341"}],"version-history":[{"count":11,"href":"https:\/\/www.windmanager.de\/wpd-windmanager-france\/wp-json\/wp\/v2\/pages\/41341\/revisions"}],"predecessor-version":[{"id":41386,"href":"https:\/\/www.windmanager.de\/wpd-windmanager-france\/wp-json\/wp\/v2\/pages\/41341\/revisions\/41386"}],"wp:attachment":[{"href":"https:\/\/www.windmanager.de\/wpd-windmanager-france\/wp-json\/wp\/v2\/media?parent=41341"}],"curies":[{"name":"wp","href":"https:\/\/api.w.org\/{rel}","templated":true}]}}