{"id":41343,"date":"2025-09-05T18:37:13","date_gmt":"2025-09-05T16:37:13","guid":{"rendered":"https:\/\/www.windmanager.de\/wpd-windmanager-france\/?page_id=41343"},"modified":"2026-02-24T17:56:32","modified_gmt":"2026-02-24T16:56:32","slug":"mentions-legales","status":"publish","type":"page","link":"https:\/\/www.windmanager.de\/wpd-windmanager-france\/mentions-legales\/","title":{"rendered":"Mentions l\u00e9gales"},"content":{"rendered":"<p><strong>Nom de la soci\u00e9t\u00e9\/organisation :<\/strong> wpd windmanager France SAS<\/p>\n<p><strong>Forme juridique :<\/strong> SAS<\/p>\n<p><strong>Adresse du si\u00e8ge social :<\/strong> 29 rue des Rosati, 62000 Arras, France<\/p>\n<p><strong>Num\u00e9ro d&rsquo;immatriculation au registre du commerce\/num\u00e9ro d&rsquo;organisation<\/strong> : SIREN 899 980 288<\/p>\n<p><strong>Num\u00e9ro de TVA<\/strong> : FR02 899 980 288 00018 RCS ARRAS<\/p>\n<p><strong>Coordonn\u00e9es :<\/strong> Natacha Lefebvre n.lefebvre@wpd.fr<\/p>\n<p><strong>Responsable\/directeur :<\/strong> Olivier Lauras<\/p>\n<p><strong>Conception web : <\/strong>s1-media GbR (<a href=\"http:\/\/www.s1-media.de\/\">www.s1-media.de<\/a>), cr\u00e9\u00e9 avec le syst\u00e8me CMS WordPress<\/p>\n<p><strong>Photographie : <\/strong>wpd windmanager<\/p>\n<p><strong>H\u00e9bergeur :<\/strong> wpd windmanager GmbH &amp; Co. KG, Stephanitorsbollwerk 3, 28217 Br\u00eame, Allemagne<\/p>\n","protected":false},"excerpt":{"rendered":"Nom de la soci\u00e9t\u00e9\/organisation : wpd windmanager France SAS Forme juridique : SAS Adresse du si\u00e8ge social : 29 rue des Rosati, 62000 Arras, France Num\u00e9ro d&rsquo;immatriculation au registre du commerce\/num\u00e9ro d&rsquo;organisation : SIREN 899 980 288 Num\u00e9ro de TVA : FR02 899 980 288 00018 RCS ARRAS Coordonn\u00e9es : Natacha Lefebvre n.lefebvre@wpd.fr Responsable\/directeur :&#8230; <a class=\"view-article\" href=\"https:\/\/www.windmanager.de\/wpd-windmanager-france\/mentions-legales\/\">Voir l&rsquo;article<\/a>","protected":false},"author":2,"featured_media":0,"parent":0,"menu_order":0,"comment_status":"closed","ping_status":"closed","template":"","meta":{"_acf_changed":false,"footnotes":""},"class_list":["post-41343","page","type-page","status-publish","hentry"],"acf":[],"yoast_head":"<!-- This site is optimized with the Yoast SEO plugin v27.3 - https:\/\/yoast.com\/product\/yoast-seo-wordpress\/ -->\n<title>Mentions l\u00e9gales - wpd windmanager<\/title>\n<meta name=\"robots\" content=\"index, follow, max-snippet:-1, max-image-preview:large, max-video-preview:-1\" \/>\n<link rel=\"canonical\" href=\"https:\/\/www.windmanager.de\/wpd-windmanager-france\/mentions-legales\/\" \/>\n<meta property=\"og:locale\" content=\"fr_FR\" \/>\n<meta property=\"og:type\" content=\"article\" \/>\n<meta property=\"og:title\" content=\"Mentions l\u00e9gales - wpd windmanager\" \/>\n<meta property=\"og:description\" content=\"Nom de la soci\u00e9t\u00e9\/organisation : wpd windmanager France SAS Forme juridique : SAS Adresse du si\u00e8ge social : 29 rue des Rosati, 62000 Arras, France Num\u00e9ro d&rsquo;immatriculation au registre du commerce\/num\u00e9ro d&rsquo;organisation : SIREN 899 980 288 Num\u00e9ro de TVA : FR02 899 980 288 00018 RCS ARRAS Coordonn\u00e9es : Natacha Lefebvre n.lefebvre@wpd.fr Responsable\/directeur :... Voir l&#039;article\" \/>\n<meta property=\"og:url\" content=\"https:\/\/www.windmanager.de\/wpd-windmanager-france\/mentions-legales\/\" \/>\n<meta property=\"og:site_name\" content=\"wpd windmanager France\" \/>\n<meta property=\"article:modified_time\" content=\"2026-02-24T16:56:32+00:00\" \/>\n<meta name=\"twitter:card\" content=\"summary_large_image\" \/>\n<meta name=\"twitter:label1\" content=\"Dur\u00e9e de lecture estim\u00e9e\" \/>\n\t<meta name=\"twitter:data1\" content=\"1 minute\" \/>\n<script type=\"application\/ld+json\" class=\"yoast-schema-graph\">{\"@context\":\"https:\\\/\\\/schema.org\",\"@graph\":[{\"@type\":\"WebPage\",\"@id\":\"https:\\\/\\\/www.windmanager.de\\\/wpd-windmanager-france\\\/mentions-legales\\\/\",\"url\":\"https:\\\/\\\/www.windmanager.de\\\/wpd-windmanager-france\\\/mentions-legales\\\/\",\"name\":\"Mentions l\u00e9gales - wpd windmanager\",\"isPartOf\":{\"@id\":\"https:\\\/\\\/www.windmanager.de\\\/wpd-windmanager-france\\\/#website\"},\"datePublished\":\"2025-09-05T16:37:13+00:00\",\"dateModified\":\"2026-02-24T16:56:32+00:00\",\"breadcrumb\":{\"@id\":\"https:\\\/\\\/www.windmanager.de\\\/wpd-windmanager-france\\\/mentions-legales\\\/#breadcrumb\"},\"inLanguage\":\"fr-FR\",\"potentialAction\":[{\"@type\":\"ReadAction\",\"target\":[\"https:\\\/\\\/www.windmanager.de\\\/wpd-windmanager-france\\\/mentions-legales\\\/\"]}]},{\"@type\":\"BreadcrumbList\",\"@id\":\"https:\\\/\\\/www.windmanager.de\\\/wpd-windmanager-france\\\/mentions-legales\\\/#breadcrumb\",\"itemListElement\":[{\"@type\":\"ListItem\",\"position\":1,\"name\":\"Home\",\"item\":\"https:\\\/\\\/www.windmanager.de\\\/wpd-windmanager-france\\\/\"},{\"@type\":\"ListItem\",\"position\":2,\"name\":\"Mentions l\u00e9gales\"}]},{\"@type\":\"WebSite\",\"@id\":\"https:\\\/\\\/www.windmanager.de\\\/wpd-windmanager-france\\\/#website\",\"url\":\"https:\\\/\\\/www.windmanager.de\\\/wpd-windmanager-france\\\/\",\"name\":\"wpd windmanager France\",\"description\":\"\",\"potentialAction\":[{\"@type\":\"SearchAction\",\"target\":{\"@type\":\"EntryPoint\",\"urlTemplate\":\"https:\\\/\\\/www.windmanager.de\\\/wpd-windmanager-france\\\/?s={search_term_string}\"},\"query-input\":{\"@type\":\"PropertyValueSpecification\",\"valueRequired\":true,\"valueName\":\"search_term_string\"}}],\"inLanguage\":\"fr-FR\"}]}<\/script>\n<!-- \/ Yoast SEO plugin. -->","yoast_head_json":{"title":"Mentions l\u00e9gales - wpd windmanager","robots":{"index":"index","follow":"follow","max-snippet":"max-snippet:-1","max-image-preview":"max-image-preview:large","max-video-preview":"max-video-preview:-1"},"canonical":"https:\/\/www.windmanager.de\/wpd-windmanager-france\/mentions-legales\/","og_locale":"fr_FR","og_type":"article","og_title":"Mentions l\u00e9gales - wpd windmanager","og_description":"Nom de la soci\u00e9t\u00e9\/organisation : wpd windmanager France SAS Forme juridique : SAS Adresse du si\u00e8ge social : 29 rue des Rosati, 62000 Arras, France Num\u00e9ro d&rsquo;immatriculation au registre du commerce\/num\u00e9ro d&rsquo;organisation : SIREN 899 980 288 Num\u00e9ro de TVA : FR02 899 980 288 00018 RCS ARRAS Coordonn\u00e9es : Natacha Lefebvre n.lefebvre@wpd.fr Responsable\/directeur :... Voir l'article","og_url":"https:\/\/www.windmanager.de\/wpd-windmanager-france\/mentions-legales\/","og_site_name":"wpd windmanager France","article_modified_time":"2026-02-24T16:56:32+00:00","twitter_card":"summary_large_image","twitter_misc":{"Dur\u00e9e de lecture estim\u00e9e":"1 minute"},"schema":{"@context":"https:\/\/schema.org","@graph":[{"@type":"WebPage","@id":"https:\/\/www.windmanager.de\/wpd-windmanager-france\/mentions-legales\/","url":"https:\/\/www.windmanager.de\/wpd-windmanager-france\/mentions-legales\/","name":"Mentions l\u00e9gales - wpd windmanager","isPartOf":{"@id":"https:\/\/www.windmanager.de\/wpd-windmanager-france\/#website"},"datePublished":"2025-09-05T16:37:13+00:00","dateModified":"2026-02-24T16:56:32+00:00","breadcrumb":{"@id":"https:\/\/www.windmanager.de\/wpd-windmanager-france\/mentions-legales\/#breadcrumb"},"inLanguage":"fr-FR","potentialAction":[{"@type":"ReadAction","target":["https:\/\/www.windmanager.de\/wpd-windmanager-france\/mentions-legales\/"]}]},{"@type":"BreadcrumbList","@id":"https:\/\/www.windmanager.de\/wpd-windmanager-france\/mentions-legales\/#breadcrumb","itemListElement":[{"@type":"ListItem","position":1,"name":"Home","item":"https:\/\/www.windmanager.de\/wpd-windmanager-france\/"},{"@type":"ListItem","position":2,"name":"Mentions l\u00e9gales"}]},{"@type":"WebSite","@id":"https:\/\/www.windmanager.de\/wpd-windmanager-france\/#website","url":"https:\/\/www.windmanager.de\/wpd-windmanager-france\/","name":"wpd windmanager France","description":"","potentialAction":[{"@type":"SearchAction","target":{"@type":"EntryPoint","urlTemplate":"https:\/\/www.windmanager.de\/wpd-windmanager-france\/?s={search_term_string}"},"query-input":{"@type":"PropertyValueSpecification","valueRequired":true,"valueName":"search_term_string"}}],"inLanguage":"fr-FR"}]}},"_links":{"self":[{"href":"https:\/\/www.windmanager.de\/wpd-windmanager-france\/wp-json\/wp\/v2\/pages\/41343","targetHints":{"allow":["GET"]}}],"collection":[{"href":"https:\/\/www.windmanager.de\/wpd-windmanager-france\/wp-json\/wp\/v2\/pages"}],"about":[{"href":"https:\/\/www.windmanager.de\/wpd-windmanager-france\/wp-json\/wp\/v2\/types\/page"}],"author":[{"embeddable":true,"href":"https:\/\/www.windmanager.de\/wpd-windmanager-france\/wp-json\/wp\/v2\/users\/2"}],"replies":[{"embeddable":true,"href":"https:\/\/www.windmanager.de\/wpd-windmanager-france\/wp-json\/wp\/v2\/comments?post=41343"}],"version-history":[{"count":3,"href":"https:\/\/www.windmanager.de\/wpd-windmanager-france\/wp-json\/wp\/v2\/pages\/41343\/revisions"}],"predecessor-version":[{"id":41359,"href":"https:\/\/www.windmanager.de\/wpd-windmanager-france\/wp-json\/wp\/v2\/pages\/41343\/revisions\/41359"}],"wp:attachment":[{"href":"https:\/\/www.windmanager.de\/wpd-windmanager-france\/wp-json\/wp\/v2\/media?parent=41343"}],"curies":[{"name":"wp","href":"https:\/\/api.w.org\/{rel}","templated":true}]}}