{"id":41342,"date":"2025-09-08T15:36:50","date_gmt":"2025-09-08T13:36:50","guid":{"rendered":"https:\/\/www.windmanager.de\/wpd-windmanager-polska\/?page_id=41342"},"modified":"2026-04-23T13:40:02","modified_gmt":"2026-04-23T11:40:02","slug":"nota-prawna","status":"publish","type":"page","link":"https:\/\/www.windmanager.de\/wpd-windmanager-polska\/nota-prawna\/","title":{"rendered":"Nota prawna"},"content":{"rendered":"<p><strong>Nazwa firmy\/organizacji:<\/strong> wpd windmanager Polska sp. z.o.o.<br \/>\n<strong>Forma prawna:<\/strong> SP. Z O.O.<br \/>\n<strong>Siedziba:<\/strong><br \/>\nul. Plac W\u0142adys\u0142awa Andersa 5<br \/>\nBudynek PFC, pi\u0119tro 7<br \/>\n61-894 Pozna\u0144<\/p>\n<p><strong>Numer w rejestrze handlowym\/organizacyjnym (KRS):<\/strong> KRS<br \/>\n<strong>NIP (je\u015bli dotyczy):<\/strong> 7792410472<br \/>\n<strong>Dane kontaktowe (e-mail, numer telefonu):<\/strong> <a href=\"mailto:wpd@windmanager.pl\">wpd@windmanager.pl<\/a>, <a href=\"tel:0048539024889\">+48 539 024 889<\/a><br \/>\n<strong>Osoba odpowiedzialna \/ dyrektor:<\/strong> Pawe\u0142 Kopczy\u0144ski<br \/>\n<strong>Projekt strony internetowej:<\/strong> s1-media GbR (<a href=\"https:\/\/www.s1-media.de\">www.s1-media.de<\/a>), wykonano w systemie CMS WordPress<br \/>\n<strong>Fotografie:<\/strong> wpd windmanager<br \/>\n<strong>Us\u0142ugodawca hostingowy:<\/strong> wpd windmanager GmbH &amp; Co. KG, Stephanitorsbollwerk 3, 28217 Bremen, Niemcy<\/p>\n","protected":false},"excerpt":{"rendered":"Nazwa firmy\/organizacji: wpd windmanager Polska sp. z.o.o. Forma prawna: SP. Z O.O. Siedziba: ul. Plac W\u0142adys\u0142awa Andersa 5 Budynek PFC, pi\u0119tro 7 61-894 Pozna\u0144 Numer w rejestrze handlowym\/organizacyjnym (KRS): KRS NIP (je\u015bli dotyczy): 7792410472 Dane kontaktowe (e-mail, numer telefonu): wpd@windmanager.pl, +48 539 024 889 Osoba odpowiedzialna \/ dyrektor: Pawe\u0142 Kopczy\u0144ski Projekt strony internetowej: s1-media GbR&#8230; <a class=\"view-article\" href=\"https:\/\/www.windmanager.de\/wpd-windmanager-polska\/nota-prawna\/\">View Article<\/a>","protected":false},"author":2,"featured_media":0,"parent":0,"menu_order":0,"comment_status":"closed","ping_status":"closed","template":"","meta":{"_acf_changed":false,"footnotes":""},"class_list":["post-41342","page","type-page","status-publish","hentry"],"acf":[],"yoast_head":"<!-- This site is optimized with the Yoast SEO plugin v27.4 - https:\/\/yoast.com\/product\/yoast-seo-wordpress\/ -->\n<title>Nota prawna - wpd windmanager<\/title>\n<meta name=\"robots\" content=\"index, follow, max-snippet:-1, max-image-preview:large, max-video-preview:-1\" \/>\n<link rel=\"canonical\" href=\"https:\/\/www.windmanager.de\/wpd-windmanager-polska\/nota-prawna\/\" \/>\n<meta property=\"og:locale\" content=\"pl_PL\" \/>\n<meta property=\"og:type\" content=\"article\" \/>\n<meta property=\"og:title\" content=\"Nota prawna - wpd windmanager\" \/>\n<meta property=\"og:description\" content=\"Nazwa firmy\/organizacji: wpd windmanager Polska sp. z.o.o. Forma prawna: SP. Z O.O. Siedziba: ul. Plac W\u0142adys\u0142awa Andersa 5 Budynek PFC, pi\u0119tro 7 61-894 Pozna\u0144 Numer w rejestrze handlowym\/organizacyjnym (KRS): KRS NIP (je\u015bli dotyczy): 7792410472 Dane kontaktowe (e-mail, numer telefonu): wpd@windmanager.pl, +48 539 024 889 Osoba odpowiedzialna \/ dyrektor: Pawe\u0142 Kopczy\u0144ski Projekt strony internetowej: s1-media GbR... View Article\" \/>\n<meta property=\"og:url\" content=\"https:\/\/www.windmanager.de\/wpd-windmanager-polska\/nota-prawna\/\" \/>\n<meta property=\"og:site_name\" content=\"wpd windmanager Polska\" \/>\n<meta property=\"article:modified_time\" content=\"2026-04-23T11:40:02+00:00\" \/>\n<meta name=\"twitter:card\" content=\"summary_large_image\" \/>\n<meta name=\"twitter:label1\" content=\"Szacowany czas czytania\" \/>\n\t<meta name=\"twitter:data1\" content=\"1 minuta\" \/>\n<script type=\"application\/ld+json\" class=\"yoast-schema-graph\">{\"@context\":\"https:\\\/\\\/schema.org\",\"@graph\":[{\"@type\":\"WebPage\",\"@id\":\"https:\\\/\\\/www.windmanager.de\\\/wpd-windmanager-polska\\\/nota-prawna\\\/\",\"url\":\"https:\\\/\\\/www.windmanager.de\\\/wpd-windmanager-polska\\\/nota-prawna\\\/\",\"name\":\"Nota prawna - wpd windmanager\",\"isPartOf\":{\"@id\":\"https:\\\/\\\/www.windmanager.de\\\/wpd-windmanager-polska\\\/#website\"},\"datePublished\":\"2025-09-08T13:36:50+00:00\",\"dateModified\":\"2026-04-23T11:40:02+00:00\",\"breadcrumb\":{\"@id\":\"https:\\\/\\\/www.windmanager.de\\\/wpd-windmanager-polska\\\/nota-prawna\\\/#breadcrumb\"},\"inLanguage\":\"pl-PL\",\"potentialAction\":[{\"@type\":\"ReadAction\",\"target\":[\"https:\\\/\\\/www.windmanager.de\\\/wpd-windmanager-polska\\\/nota-prawna\\\/\"]}]},{\"@type\":\"BreadcrumbList\",\"@id\":\"https:\\\/\\\/www.windmanager.de\\\/wpd-windmanager-polska\\\/nota-prawna\\\/#breadcrumb\",\"itemListElement\":[{\"@type\":\"ListItem\",\"position\":1,\"name\":\"Home\",\"item\":\"https:\\\/\\\/www.windmanager.de\\\/wpd-windmanager-polska\\\/\"},{\"@type\":\"ListItem\",\"position\":2,\"name\":\"Nota prawna\"}]},{\"@type\":\"WebSite\",\"@id\":\"https:\\\/\\\/www.windmanager.de\\\/wpd-windmanager-polska\\\/#website\",\"url\":\"https:\\\/\\\/www.windmanager.de\\\/wpd-windmanager-polska\\\/\",\"name\":\"wpd windmanager Polska\",\"description\":\"\",\"potentialAction\":[{\"@type\":\"SearchAction\",\"target\":{\"@type\":\"EntryPoint\",\"urlTemplate\":\"https:\\\/\\\/www.windmanager.de\\\/wpd-windmanager-polska\\\/?s={search_term_string}\"},\"query-input\":{\"@type\":\"PropertyValueSpecification\",\"valueRequired\":true,\"valueName\":\"search_term_string\"}}],\"inLanguage\":\"pl-PL\"}]}<\/script>\n<!-- \/ Yoast SEO plugin. -->","yoast_head_json":{"title":"Nota prawna - wpd windmanager","robots":{"index":"index","follow":"follow","max-snippet":"max-snippet:-1","max-image-preview":"max-image-preview:large","max-video-preview":"max-video-preview:-1"},"canonical":"https:\/\/www.windmanager.de\/wpd-windmanager-polska\/nota-prawna\/","og_locale":"pl_PL","og_type":"article","og_title":"Nota prawna - wpd windmanager","og_description":"Nazwa firmy\/organizacji: wpd windmanager Polska sp. z.o.o. Forma prawna: SP. Z O.O. Siedziba: ul. Plac W\u0142adys\u0142awa Andersa 5 Budynek PFC, pi\u0119tro 7 61-894 Pozna\u0144 Numer w rejestrze handlowym\/organizacyjnym (KRS): KRS NIP (je\u015bli dotyczy): 7792410472 Dane kontaktowe (e-mail, numer telefonu): wpd@windmanager.pl, +48 539 024 889 Osoba odpowiedzialna \/ dyrektor: Pawe\u0142 Kopczy\u0144ski Projekt strony internetowej: s1-media GbR... View Article","og_url":"https:\/\/www.windmanager.de\/wpd-windmanager-polska\/nota-prawna\/","og_site_name":"wpd windmanager Polska","article_modified_time":"2026-04-23T11:40:02+00:00","twitter_card":"summary_large_image","twitter_misc":{"Szacowany czas czytania":"1 minuta"},"schema":{"@context":"https:\/\/schema.org","@graph":[{"@type":"WebPage","@id":"https:\/\/www.windmanager.de\/wpd-windmanager-polska\/nota-prawna\/","url":"https:\/\/www.windmanager.de\/wpd-windmanager-polska\/nota-prawna\/","name":"Nota prawna - wpd windmanager","isPartOf":{"@id":"https:\/\/www.windmanager.de\/wpd-windmanager-polska\/#website"},"datePublished":"2025-09-08T13:36:50+00:00","dateModified":"2026-04-23T11:40:02+00:00","breadcrumb":{"@id":"https:\/\/www.windmanager.de\/wpd-windmanager-polska\/nota-prawna\/#breadcrumb"},"inLanguage":"pl-PL","potentialAction":[{"@type":"ReadAction","target":["https:\/\/www.windmanager.de\/wpd-windmanager-polska\/nota-prawna\/"]}]},{"@type":"BreadcrumbList","@id":"https:\/\/www.windmanager.de\/wpd-windmanager-polska\/nota-prawna\/#breadcrumb","itemListElement":[{"@type":"ListItem","position":1,"name":"Home","item":"https:\/\/www.windmanager.de\/wpd-windmanager-polska\/"},{"@type":"ListItem","position":2,"name":"Nota prawna"}]},{"@type":"WebSite","@id":"https:\/\/www.windmanager.de\/wpd-windmanager-polska\/#website","url":"https:\/\/www.windmanager.de\/wpd-windmanager-polska\/","name":"wpd windmanager Polska","description":"","potentialAction":[{"@type":"SearchAction","target":{"@type":"EntryPoint","urlTemplate":"https:\/\/www.windmanager.de\/wpd-windmanager-polska\/?s={search_term_string}"},"query-input":{"@type":"PropertyValueSpecification","valueRequired":true,"valueName":"search_term_string"}}],"inLanguage":"pl-PL"}]}},"_links":{"self":[{"href":"https:\/\/www.windmanager.de\/wpd-windmanager-polska\/wp-json\/wp\/v2\/pages\/41342","targetHints":{"allow":["GET"]}}],"collection":[{"href":"https:\/\/www.windmanager.de\/wpd-windmanager-polska\/wp-json\/wp\/v2\/pages"}],"about":[{"href":"https:\/\/www.windmanager.de\/wpd-windmanager-polska\/wp-json\/wp\/v2\/types\/page"}],"author":[{"embeddable":true,"href":"https:\/\/www.windmanager.de\/wpd-windmanager-polska\/wp-json\/wp\/v2\/users\/2"}],"replies":[{"embeddable":true,"href":"https:\/\/www.windmanager.de\/wpd-windmanager-polska\/wp-json\/wp\/v2\/comments?post=41342"}],"version-history":[{"count":5,"href":"https:\/\/www.windmanager.de\/wpd-windmanager-polska\/wp-json\/wp\/v2\/pages\/41342\/revisions"}],"predecessor-version":[{"id":41384,"href":"https:\/\/www.windmanager.de\/wpd-windmanager-polska\/wp-json\/wp\/v2\/pages\/41342\/revisions\/41384"}],"wp:attachment":[{"href":"https:\/\/www.windmanager.de\/wpd-windmanager-polska\/wp-json\/wp\/v2\/media?parent=41342"}],"curies":[{"name":"wp","href":"https:\/\/api.w.org\/{rel}","templated":true}]}}