{"id":41340,"date":"2025-09-08T15:55:18","date_gmt":"2025-09-08T13:55:18","guid":{"rendered":"https:\/\/www.windmanager.de\/wpd-windmanager-suomi\/?page_id=41340"},"modified":"2026-02-26T16:41:47","modified_gmt":"2026-02-26T15:41:47","slug":"tietosuojaseloste","status":"publish","type":"page","link":"https:\/\/www.windmanager.de\/wpd-windmanager-suomi\/tietosuojaseloste\/","title":{"rendered":"Tietosuojaseloste"},"content":{"rendered":"<p>Kiitos, ett\u00e4 vierailet sivustollamme! T\u00e4ss\u00e4 tietosuojaselosteessa kerromme yleisen tietosuoja-asetuksen (GDPR) 13 artiklan mukaisesti, kuinka k\u00e4sittelemme tietojasi.<\/p>\n<h2>\u200b\u200bREKISTERINPIT\u00c4J\u00c4<\/h2>\n<p>Alla kuvattujen tietojenk\u00e4sittelytoimintojen rekisteripit\u00e4j\u00e4n\u00e4 toimii:<\/p>\n<p><strong>wpd windmanager Suomi Oy<br \/>\nTeknologiantie 2, 90590 Oulu <\/strong><\/p>\n<p><strong>+358\u00a0400\u00a0758 586<\/strong><\/p>\n<h2>TIETOJEN K\u00c4YTT\u00d6<\/h2>\n<p>Kun vierailet verkkosivuillamme, verkkopalvelimemme tallentaa v\u00e4liaikaisesti k\u00e4ytt\u00f6tietoja tilastollisiin tarkoituksiin verkkosivustomme laadun parantamiseksi. N\u00e4m\u00e4 tiedot koostuvat seuraavista tietoluokista:<\/p>\n<ul>\n<li>pyydetyn sis\u00e4ll\u00f6n nimi ja osoite,<\/li>\n<li>haun p\u00e4iv\u00e4m\u00e4\u00e4r\u00e4 ja kellonaika,<\/li>\n<li>siirretty datam\u00e4\u00e4r\u00e4,<\/li>\n<li>sis\u00e4ll\u00f6n saatavuus (sis\u00e4lt\u00f6 siirretty, sis\u00e4lt\u00f6\u00e4 ei l\u00f6ydy),<\/li>\n<li>k\u00e4ytetyn verkkoselaimen ja k\u00e4ytt\u00f6j\u00e4rjestelm\u00e4n kuvaus,<\/li>\n<li>tieto sivusta, jolta olet siirtynyt verkkosivustollemme,<\/li>\n<li>k\u00e4ytt\u00e4m\u00e4si IP-osoite lyhennettyni siten, ettei sit\u00e4 voi yhdist\u00e4\u00e4 henkil\u00f6\u00f6n.<\/li>\n<\/ul>\n<p>Yll\u00e4 mainitut lokitiedot analysoidaan anonyymisti.<\/p>\n<p>K\u00e4ytt\u00f6tietojenk\u00e4sittelyn oikeudellinen perusta on yleisen tietosuoja-asetuksen 6 artikla, kohta 1, alakohta f. Tietojenk\u00e4sittelyn tarkoituksena on tarjota verkkosis\u00e4lt\u00f6\u00e4 ja varmistaa, ett\u00e4 sivustomme on optimoitu eri laitteille ja selaimille.<\/p>\n<h2>TIETOTURVA<\/h2>\n<p>Suojaamme tietosi oikeudettomalta k\u00e4yt\u00f6lt\u00e4 mahdollisimman kattavasti sek\u00e4 teknisin ett\u00e4 organisatorisin toimenpitein. N\u00e4ihin toimenpiteisiin kuuluvat verkkosivuillamme olevat salausmenettelyt. Tietosi siirret\u00e4\u00e4n internetin kautta p\u00e4\u00e4telaitteeltasi palvelimellemme ja takaisin TLS-salausta k\u00e4ytt\u00e4en.<\/p>\n<p>TSL-salauksen k\u00e4ytt\u00f6 n\u00e4kyy yleens\u00e4 selaimessasi siten, ett\u00e4 selaimen tilarivill\u00e4 oleva lukkosymboli on kiinni ja osoiterivi alkaa https:\/\/.<\/p>\n<h2>EV\u00c4STEBANNERI<\/h2>\n<p>Verkkosivustoillamme on k\u00e4yt\u00f6ss\u00e4 banneri suostumusten ja ev\u00e4steiden hallintaan. Suostumusten hallinnan ja tekemiesi asetusten kirjaamisen yhteydess\u00e4 tapahtuvan tietojenk\u00e4sittelyn oikeudellinen perusta on yleisen tietosuoja-asetuksen artikla 6, kohta 1, alakohta f. On oikeutettujen etujemme mukaista toistaa sis\u00e4lt\u00f6\u00e4mme mieltymystesi ja valintojesi mukaisesti sek\u00e4 pysty\u00e4 osoittamaan antamasi suostumus tai suostumukset. Tekem\u00e4si asetukset, antamasi suostumus ja osa verkkosivustomme k\u00e4ytt\u00f6\u00e4si koskevia tietojasi tallennetaan ev\u00e4steeseen. Ev\u00e4ste s\u00e4ilytet\u00e4\u00e4n my\u00f6hempi\u00e4 tietopyynt\u00f6j\u00e4 varten ja jotta voimme my\u00f6hemmin j\u00e4ljitt\u00e4\u00e4 suostumuksesi. Lis\u00e4tietoja l\u00f6yd\u00e4t kohdasta \u201dV\u00e4ltt\u00e4m\u00e4tt\u00f6m\u00e4t ev\u00e4steet\u201d.<\/p>\n<h2>V\u00c4LTT\u00c4M\u00c4TT\u00d6M\u00c4T EV\u00c4STEET<\/h2>\n<p>K\u00e4yt\u00e4mme verkkosivustollamme ev\u00e4steit\u00e4, jotka ovat sivuston toiminnan kannalta v\u00e4ltt\u00e4m\u00e4tt\u00f6mi\u00e4.<\/p>\n<p>Ev\u00e4steet ovat pieni\u00e4 tekstitiedostoja, joita vierailemasi verkkosivustot voivat tallentaa tietokoneellesi tai mobiililaitteellesi. Ev\u00e4steit\u00e4 on olemassa kahdenlaisia: istuntokohtaisia ja pysyvi\u00e4. Istuntokohtaiset ev\u00e4steet poistetaan heti, kun suljet selaimesi, kun taas pysyv\u00e4t ev\u00e4steet tallentuvat laitteellesi istuntoasi pitemm\u00e4ksi ajaksi.<\/p>\n<p>Emme k\u00e4yt\u00e4 v\u00e4ltt\u00e4m\u00e4tt\u00f6mi\u00e4 ev\u00e4steit\u00e4 analysointiin, seurantaan tai mainontaan.<\/p>\n<p>Joissain tapauksissa ev\u00e4steiden sis\u00e4lt\u00e4m\u00e4 tieto liittyy ainoastaan tekemiisi asetuksiin, eik\u00e4 niit\u00e4 voida yhdist\u00e4\u00e4 henkil\u00f6\u00f6n. Ev\u00e4steet voivat olla my\u00f6s tarpeellisia k\u00e4ytt\u00e4j\u00e4n ohjauksen, turvallisuuden ja sivuston toiminnan kannalta.<\/p>\n<p>Ev\u00e4steiden k\u00e4ytt\u00f6mme oikeudellinen perusta on yleisen tietosuoja-asetuksen 6 artiklan 1 kohdan alakohdan f mukainen oikeutettu etu.<\/p>\n<p>Voit asettaa selaimesi ilmoittamaan Sinulle ev\u00e4steiden tallentamisesta laitteellesi. T\u00e4m\u00e4n tarkoituksena on varmistaa ev\u00e4steiden k\u00e4yt\u00f6n l\u00e4pin\u00e4kyvyys. Voit my\u00f6s poistaa ev\u00e4steet tai est\u00e4\u00e4 uusien ev\u00e4steiden tallentamisen selaimesi asetuksista milloin tahansa. Huomioithan, ett\u00e4 jos poistat tietyt ev\u00e4steet, verkkosivumme eiv\u00e4t v\u00e4ltt\u00e4m\u00e4tt\u00e4 n\u00e4y oikein, eiv\u00e4tk\u00e4 kaikki toiminnot ole v\u00e4ltt\u00e4m\u00e4tt\u00e4 k\u00e4ytett\u00e4viss\u00e4si.<\/p>\n<table class=\"table table-striped mb-5\" style=\"font-size: 1rem;\" width=\"100%\">\n<thead>\n<tr>\n<td width=\"159\"><strong>Palveluntarjoaja<\/strong><\/td>\n<td width=\"331\"><strong>Tarkoitus<\/strong><\/td>\n<td width=\"95\"><strong>Enimm\u00e4is-s\u00e4ilytysaika<\/strong><\/td>\n<\/tr>\n<\/thead>\n<tbody>\n<tr>\n<td width=\"159\">wpd windmanager GmbH &amp; Co. KG<\/td>\n<td width=\"331\">Tallentaa vierailijoiden Borlabs Cookiesin Coocie Boxissa (suostumusten hallinta) tekem\u00e4t asetukset<\/td>\n<td width=\"95\">365 p\u00e4iv\u00e4\u00e4<\/td>\n<\/tr>\n<\/tbody>\n<\/table>\n<h2>MATOMO<\/h2>\n<p>Suunnittelemme verkkosivustomme tarpeidesi mukaiseksi k\u00e4ytt\u00e4m\u00e4ll\u00e4 Matomo-verkkoanalyysity\u00f6kalua. Matomo luo pseudonymisoituja k\u00e4ytt\u00e4j\u00e4profiileja. T\u00e4t\u00e4 varten laitteellesi tallennetaan pysyvi\u00e4 ev\u00e4steit\u00e4, joita k\u00e4yt\u00e4mme. Niiden avulla voimme tunnistaa palaavat k\u00e4vij\u00e4t ja seurata heid\u00e4n m\u00e4\u00e4r\u00e4\u00e4ns\u00e4.<\/p>\n<p>Tietojenk\u00e4sittelyn oikeudellinen perusta on yleisen tietosuoja-asetuksen 6 artiklan 1 kohdan alakohdan a mukainen antamasi suostumus, jos olet antanut suostumuksesi ev\u00e4stebannerimme kautta. Voit perua antamasi suostumuksen milloin tahansa. Klikkaamalla linkki\u00e4 p\u00e4\u00e4set tekem\u00e4\u00e4n tarvittavat asetukset bannerimme kautta.<\/p>\n<p>Ev\u00e4steet yleens\u00e4 poistetaan tai niiden k\u00e4sittely lopetetaan 13 kuukautta vierailusi tai peruuttamasi suostumuksen j\u00e4lkeen.<\/p>\n<table class=\"table table-striped mb-5\" style=\"font-size: 1rem;\" width=\"100%\">\n<thead>\n<tr>\n<td width=\"107\"><strong>Ev\u00e4ste<\/strong><\/td>\n<td width=\"413\"><strong>Tarkoitus<\/strong><\/td>\n<td width=\"97\"><strong>Enimm\u00e4is-s\u00e4ilytysaika<\/strong><\/td>\n<\/tr>\n<\/thead>\n<tbody>\n<tr>\n<td width=\"107\">\u200b_pk_id<\/td>\n<td width=\"413\">\u200bTallentaa vierailijatietoja, mukaan lukien k\u00e4ytt\u00e4j\u00e4tunnus.<\/td>\n<td width=\"97\">\u200b393 p\u00e4iv\u00e4\u00e4<\/td>\n<\/tr>\n<tr>\n<td width=\"107\">_pk_ses.<\/td>\n<td width=\"413\">Tallentaa verkkosivustomme vierailijan edelt\u00e4v\u00e4n verkkosivun.<\/td>\n<td width=\"97\">1 p\u00e4iv\u00e4<\/td>\n<\/tr>\n<\/tbody>\n<\/table>\n<h2>S\u00c4ILYTYSAIKA<\/h2>\n<p>Ellei muuta ole mainittu, poistamme henkil\u00f6tietosi, kun niiden k\u00e4sittely asianmukaiseen tarkoitukseen ei ole en\u00e4\u00e4 tarpeen, eik\u00e4 mik\u00e4\u00e4n lakis\u00e4\u00e4teinen tietojens\u00e4ilytysvelvoitteemme est\u00e4 niiden poistamista.<\/p>\n<h2>OIKEUTESI REKISTER\u00d6ITYN\u00c4<\/h2>\n<p>Yleinen tietosuoja-asetus takaa rekister\u00f6idylle h\u00e4nen henkil\u00f6tietojensa k\u00e4sittelyyn liittyvi\u00e4 oikeuksia:\u200b\u200b<\/p>\n<p><strong>Rekister\u00f6idyn oikeus saada p\u00e4\u00e4sy tietoihin (yleisen tietosuoja-asetuksen 15 artikla)<\/strong><\/p>\n<p>Sinulla on oikeus saada vahvistus siit\u00e4, k\u00e4sitell\u00e4\u00e4nk\u00f6 Sinua koskevia henkil\u00f6tietoja. Jos n\u00e4in on, Sinulla on oikeus saada tieto k\u00e4sittelyst\u00e4 sek\u00e4 yleisen tietosuoja-asetuksen 15 artiklassa m\u00e4\u00e4ritellyt tiedot.<\/p>\n<p><strong>Oikeus tietojen oikaisemiseen (yleisen tietosuoja-asetuksen 16 artikla)<\/strong><\/p>\n<p>Sinulla on oikeus saada ep\u00e4tarkat tai virheelliset henkil\u00f6tietosi oikaistua. Lis\u00e4ksi sinulla on tietojen k\u00e4sittelyn tarkoitus huomioiden oikeus saada puutteelliset henkil\u00f6tiedot t\u00e4ydennetty\u00e4 muun muassa toimittamalla viivytyksett\u00e4 lis\u00e4selvitys.<\/p>\n<p><strong>Oikeus tietojen poistamiseen (yleisen tietosuoja-asetuksen 17 artikla)<\/strong><\/p>\n<p>Sinulla on oikeus saada henkil\u00f6tietosi poistettua ilman aiheetonta viiv\u00e4styst\u00e4 edellytt\u00e4en, ett\u00e4 jokin yleisen tietosuoja-asetuksen 17 artiklassa luetelluista perusteista t\u00e4yttyy.<\/p>\n<p><strong>Oikeus k\u00e4sittelyn rajoittamiseen (yleisen tietosuoja-asetuksen 18 artikla)<\/strong><\/p>\n<p>Sinulla on oikeus pyyt\u00e4\u00e4 henkil\u00f6tietojen k\u00e4sittelyn rajoittamista, jos jokin yleisen tietosuoja-asetuksen 18 artiklassa luetelluista perusteista t\u00e4yttyy, esimerkiksi jos olet vastustanut henkil\u00f6tietojesi k\u00e4sittely\u00e4 tutkimuksemme ajaksi.<\/p>\n<p><strong>Oikeus siirt\u00e4\u00e4 tiedot j\u00e4rjestelm\u00e4st\u00e4 toiseen (yleisen tietosuoja-asetuksen 20 artikla)<\/strong><\/p>\n<p>Yleisen tietosuoja-asetuksen 20 artiklassa luetelluissa tapauksissa Sinulla on oikeus saada henkil\u00f6tietosi j\u00e4sennellyss\u00e4, yleisesti k\u00e4ytetyss\u00e4 ja koneellisesti luettavassa muodossa tai pyyt\u00e4\u00e4 kyseisten tietojen siirt\u00e4mist\u00e4 kolmannelle osapuolelle.<\/p>\n<p><strong>Oikeus peruuttaa suostumus (yleisen tietosuoja-asetuksen 7 artikla)<\/strong><\/p>\n<p>Jos henkil\u00f6tietojesi k\u00e4sittely perustuu antamaasi suostumukseen, Sinulla on oikeus peruuttaa henkil\u00f6tietojesi k\u00e4sittely\u00e4 koskeva suostumuksesi milloin tahansa yleisen tietosuoja-asetuksen 7 artiklan 3 kohdan mukaisesti. Huomaathan, ett\u00e4 suostumuksen peruuttaminen koskee ainoastaan tulevaa henkil\u00f6tietojen k\u00e4sittely\u00e4, eik\u00e4 se vaikuta ennen suostumuksen peruutusta tapahtuneeseen henkil\u00f6tietojen k\u00e4sittelyyn.<\/p>\n<p><strong>Vastustamisoikeus (yleisen tietosuoja-asetuksen 21 artikla)<\/strong><\/p>\n<p>Jos tietojen k\u00e4sittelyn oikeudellinen perusta on yleisen tietosuoja-asetuksen 6 artiklan 1 kohdan alakohta f (oikeutettu etumme rekisterinpit\u00e4j\u00e4n\u00e4) tai alakohta e (yleist\u00e4 etua koskevan teht\u00e4v\u00e4n suorittaminen tai rekisterinpit\u00e4j\u00e4lle kuuluvan julkisen vallan k\u00e4ytt\u00f6), Sinulla on oikeus vastustaa henkil\u00f6tietojesi k\u00e4sittely\u00e4 milloin tahansa henkil\u00f6kohtaiseen erityiseen tilanteeseesi liittyv\u00e4ll\u00e4 perusteella. T\u00e4ll\u00f6in emme en\u00e4\u00e4 k\u00e4sittele henkil\u00f6tietojasi, ellei niiden k\u00e4sittelyyn ole olemassa huomattavan t\u00e4rke\u00e4\u00e4 ja perusteltua syyt\u00e4, joka syrj\u00e4ytt\u00e4\u00e4 Sinun etusi, oikeutesi ja vapautesi ja ellei tietojen k\u00e4sittely ole tarpeen oikeusvaateen laatimiseksi, esitt\u00e4miseksi tai puolustamiseksi.<\/p>\n<p><strong>Oikeus tehd\u00e4 valitus valvontaviranomaiselle (yleisen tietosuoja-asetuksen artikla 77)<\/strong><\/p>\n<p>Yleisen tietosuoja-asetuksen artiklan 77 mukaan Sinulla on oikeus tehd\u00e4 valitus valvontaviranomaiselle, jos katsot, ett\u00e4 henkil\u00f6tietojesi k\u00e4sittely rikkoo tietosuojas\u00e4\u00e4d\u00f6ksi\u00e4. Oikeutta voidaan k\u00e4ytt\u00e4\u00e4 erityisesti siin\u00e4 j\u00e4senvaltiossa, jossa Sinulla on vakituinen asuinpaikka, ty\u00f6paikka tai jossa v\u00e4itetty rikkominen on tapahtunut.<\/p>\n<h2>Yhteystiedot kysymyksien esitt\u00e4mist\u00e4 ja rekister\u00f6idyn oikeuksien harjoittamista varten<\/h2>\n<p>Jos Sinulla on tietosuojaamme liittyvi\u00e4 kysymyksi\u00e4 tai jos haluat harjoittaa oikeuksiasi rekister\u00f6ityn\u00e4, pyyd\u00e4mme Sinua ottamaan yhteytt\u00e4:<\/p>\n<p>S\u00e4hk\u00f6posti: : <a href=\"mailto:wm-office@wpd.fi\">wm-office@wpd.fi<\/a><br \/>\nPuhelin: +358\u00a0400\u00a0758 586<br \/>\nOsoite: Teknologiantie 2, 90590 OULU<\/p>\n<p><strong>\u00a0<\/strong><\/p>\n<p><strong>P\u00e4ivitetty viimeksi: tammikuu 2026<\/strong><\/p>\n","protected":false},"excerpt":{"rendered":"Kiitos, ett\u00e4 vierailet sivustollamme! T\u00e4ss\u00e4 tietosuojaselosteessa kerromme yleisen tietosuoja-asetuksen (GDPR) 13 artiklan mukaisesti, kuinka k\u00e4sittelemme tietojasi. \u200b\u200bREKISTERINPIT\u00c4J\u00c4 Alla kuvattujen tietojenk\u00e4sittelytoimintojen rekisteripit\u00e4j\u00e4n\u00e4 toimii: wpd windmanager Suomi Oy Teknologiantie 2, 90590 Oulu +358\u00a0400\u00a0758 586 TIETOJEN K\u00c4YTT\u00d6 Kun vierailet verkkosivuillamme, verkkopalvelimemme tallentaa v\u00e4liaikaisesti k\u00e4ytt\u00f6tietoja tilastollisiin tarkoituksiin verkkosivustomme laadun parantamiseksi. N\u00e4m\u00e4 tiedot koostuvat seuraavista tietoluokista: pyydetyn sis\u00e4ll\u00f6n nimi ja&#8230; <a class=\"view-article\" href=\"https:\/\/www.windmanager.de\/wpd-windmanager-suomi\/tietosuojaseloste\/\">View Article<\/a>","protected":false},"author":2,"featured_media":0,"parent":0,"menu_order":0,"comment_status":"closed","ping_status":"closed","template":"","meta":{"_acf_changed":false,"footnotes":""},"class_list":["post-41340","page","type-page","status-publish","hentry"],"acf":[],"yoast_head":"<!-- This site is optimized with the Yoast SEO plugin v27.4 - https:\/\/yoast.com\/product\/yoast-seo-wordpress\/ -->\n<title>Tietosuojaseloste - wpd windmanager<\/title>\n<meta name=\"robots\" content=\"index, follow, max-snippet:-1, max-image-preview:large, max-video-preview:-1\" \/>\n<link rel=\"canonical\" href=\"https:\/\/www.windmanager.de\/wpd-windmanager-suomi\/tietosuojaseloste\/\" \/>\n<meta property=\"og:locale\" content=\"fi_FI\" \/>\n<meta property=\"og:type\" content=\"article\" \/>\n<meta property=\"og:title\" content=\"Tietosuojaseloste - wpd windmanager\" \/>\n<meta property=\"og:description\" content=\"Kiitos, ett\u00e4 vierailet sivustollamme! T\u00e4ss\u00e4 tietosuojaselosteessa kerromme yleisen tietosuoja-asetuksen (GDPR) 13 artiklan mukaisesti, kuinka k\u00e4sittelemme tietojasi. \u200b\u200bREKISTERINPIT\u00c4J\u00c4 Alla kuvattujen tietojenk\u00e4sittelytoimintojen rekisteripit\u00e4j\u00e4n\u00e4 toimii: wpd windmanager Suomi Oy Teknologiantie 2, 90590 Oulu +358\u00a0400\u00a0758 586 TIETOJEN K\u00c4YTT\u00d6 Kun vierailet verkkosivuillamme, verkkopalvelimemme tallentaa v\u00e4liaikaisesti k\u00e4ytt\u00f6tietoja tilastollisiin tarkoituksiin verkkosivustomme laadun parantamiseksi. N\u00e4m\u00e4 tiedot koostuvat seuraavista tietoluokista: pyydetyn sis\u00e4ll\u00f6n nimi ja... View Article\" \/>\n<meta property=\"og:url\" content=\"https:\/\/www.windmanager.de\/wpd-windmanager-suomi\/tietosuojaseloste\/\" \/>\n<meta property=\"og:site_name\" content=\"wpd windmanager Suomi\" \/>\n<meta property=\"article:modified_time\" content=\"2026-02-26T15:41:47+00:00\" \/>\n<meta name=\"twitter:card\" content=\"summary_large_image\" \/>\n<meta name=\"twitter:label1\" content=\"Arvioitu lukuaika\" \/>\n\t<meta name=\"twitter:data1\" content=\"6 minuuttia\" \/>\n<script type=\"application\/ld+json\" class=\"yoast-schema-graph\">{\"@context\":\"https:\\\/\\\/schema.org\",\"@graph\":[{\"@type\":\"WebPage\",\"@id\":\"https:\\\/\\\/www.windmanager.de\\\/wpd-windmanager-suomi\\\/tietosuojaseloste\\\/\",\"url\":\"https:\\\/\\\/www.windmanager.de\\\/wpd-windmanager-suomi\\\/tietosuojaseloste\\\/\",\"name\":\"Tietosuojaseloste - wpd windmanager\",\"isPartOf\":{\"@id\":\"https:\\\/\\\/www.windmanager.de\\\/wpd-windmanager-suomi\\\/#website\"},\"datePublished\":\"2025-09-08T13:55:18+00:00\",\"dateModified\":\"2026-02-26T15:41:47+00:00\",\"breadcrumb\":{\"@id\":\"https:\\\/\\\/www.windmanager.de\\\/wpd-windmanager-suomi\\\/tietosuojaseloste\\\/#breadcrumb\"},\"inLanguage\":\"fi\",\"potentialAction\":[{\"@type\":\"ReadAction\",\"target\":[\"https:\\\/\\\/www.windmanager.de\\\/wpd-windmanager-suomi\\\/tietosuojaseloste\\\/\"]}]},{\"@type\":\"BreadcrumbList\",\"@id\":\"https:\\\/\\\/www.windmanager.de\\\/wpd-windmanager-suomi\\\/tietosuojaseloste\\\/#breadcrumb\",\"itemListElement\":[{\"@type\":\"ListItem\",\"position\":1,\"name\":\"Home\",\"item\":\"https:\\\/\\\/www.windmanager.de\\\/wpd-windmanager-suomi\\\/\"},{\"@type\":\"ListItem\",\"position\":2,\"name\":\"Tietosuojaseloste\"}]},{\"@type\":\"WebSite\",\"@id\":\"https:\\\/\\\/www.windmanager.de\\\/wpd-windmanager-suomi\\\/#website\",\"url\":\"https:\\\/\\\/www.windmanager.de\\\/wpd-windmanager-suomi\\\/\",\"name\":\"wpd windmanager Suomi\",\"description\":\"\",\"potentialAction\":[{\"@type\":\"SearchAction\",\"target\":{\"@type\":\"EntryPoint\",\"urlTemplate\":\"https:\\\/\\\/www.windmanager.de\\\/wpd-windmanager-suomi\\\/?s={search_term_string}\"},\"query-input\":{\"@type\":\"PropertyValueSpecification\",\"valueRequired\":true,\"valueName\":\"search_term_string\"}}],\"inLanguage\":\"fi\"}]}<\/script>\n<!-- \/ Yoast SEO plugin. -->","yoast_head_json":{"title":"Tietosuojaseloste - wpd windmanager","robots":{"index":"index","follow":"follow","max-snippet":"max-snippet:-1","max-image-preview":"max-image-preview:large","max-video-preview":"max-video-preview:-1"},"canonical":"https:\/\/www.windmanager.de\/wpd-windmanager-suomi\/tietosuojaseloste\/","og_locale":"fi_FI","og_type":"article","og_title":"Tietosuojaseloste - wpd windmanager","og_description":"Kiitos, ett\u00e4 vierailet sivustollamme! T\u00e4ss\u00e4 tietosuojaselosteessa kerromme yleisen tietosuoja-asetuksen (GDPR) 13 artiklan mukaisesti, kuinka k\u00e4sittelemme tietojasi. \u200b\u200bREKISTERINPIT\u00c4J\u00c4 Alla kuvattujen tietojenk\u00e4sittelytoimintojen rekisteripit\u00e4j\u00e4n\u00e4 toimii: wpd windmanager Suomi Oy Teknologiantie 2, 90590 Oulu +358\u00a0400\u00a0758 586 TIETOJEN K\u00c4YTT\u00d6 Kun vierailet verkkosivuillamme, verkkopalvelimemme tallentaa v\u00e4liaikaisesti k\u00e4ytt\u00f6tietoja tilastollisiin tarkoituksiin verkkosivustomme laadun parantamiseksi. N\u00e4m\u00e4 tiedot koostuvat seuraavista tietoluokista: pyydetyn sis\u00e4ll\u00f6n nimi ja... View Article","og_url":"https:\/\/www.windmanager.de\/wpd-windmanager-suomi\/tietosuojaseloste\/","og_site_name":"wpd windmanager Suomi","article_modified_time":"2026-02-26T15:41:47+00:00","twitter_card":"summary_large_image","twitter_misc":{"Arvioitu lukuaika":"6 minuuttia"},"schema":{"@context":"https:\/\/schema.org","@graph":[{"@type":"WebPage","@id":"https:\/\/www.windmanager.de\/wpd-windmanager-suomi\/tietosuojaseloste\/","url":"https:\/\/www.windmanager.de\/wpd-windmanager-suomi\/tietosuojaseloste\/","name":"Tietosuojaseloste - wpd windmanager","isPartOf":{"@id":"https:\/\/www.windmanager.de\/wpd-windmanager-suomi\/#website"},"datePublished":"2025-09-08T13:55:18+00:00","dateModified":"2026-02-26T15:41:47+00:00","breadcrumb":{"@id":"https:\/\/www.windmanager.de\/wpd-windmanager-suomi\/tietosuojaseloste\/#breadcrumb"},"inLanguage":"fi","potentialAction":[{"@type":"ReadAction","target":["https:\/\/www.windmanager.de\/wpd-windmanager-suomi\/tietosuojaseloste\/"]}]},{"@type":"BreadcrumbList","@id":"https:\/\/www.windmanager.de\/wpd-windmanager-suomi\/tietosuojaseloste\/#breadcrumb","itemListElement":[{"@type":"ListItem","position":1,"name":"Home","item":"https:\/\/www.windmanager.de\/wpd-windmanager-suomi\/"},{"@type":"ListItem","position":2,"name":"Tietosuojaseloste"}]},{"@type":"WebSite","@id":"https:\/\/www.windmanager.de\/wpd-windmanager-suomi\/#website","url":"https:\/\/www.windmanager.de\/wpd-windmanager-suomi\/","name":"wpd windmanager Suomi","description":"","potentialAction":[{"@type":"SearchAction","target":{"@type":"EntryPoint","urlTemplate":"https:\/\/www.windmanager.de\/wpd-windmanager-suomi\/?s={search_term_string}"},"query-input":{"@type":"PropertyValueSpecification","valueRequired":true,"valueName":"search_term_string"}}],"inLanguage":"fi"}]}},"_links":{"self":[{"href":"https:\/\/www.windmanager.de\/wpd-windmanager-suomi\/wp-json\/wp\/v2\/pages\/41340","targetHints":{"allow":["GET"]}}],"collection":[{"href":"https:\/\/www.windmanager.de\/wpd-windmanager-suomi\/wp-json\/wp\/v2\/pages"}],"about":[{"href":"https:\/\/www.windmanager.de\/wpd-windmanager-suomi\/wp-json\/wp\/v2\/types\/page"}],"author":[{"embeddable":true,"href":"https:\/\/www.windmanager.de\/wpd-windmanager-suomi\/wp-json\/wp\/v2\/users\/2"}],"replies":[{"embeddable":true,"href":"https:\/\/www.windmanager.de\/wpd-windmanager-suomi\/wp-json\/wp\/v2\/comments?post=41340"}],"version-history":[{"count":4,"href":"https:\/\/www.windmanager.de\/wpd-windmanager-suomi\/wp-json\/wp\/v2\/pages\/41340\/revisions"}],"predecessor-version":[{"id":41371,"href":"https:\/\/www.windmanager.de\/wpd-windmanager-suomi\/wp-json\/wp\/v2\/pages\/41340\/revisions\/41371"}],"wp:attachment":[{"href":"https:\/\/www.windmanager.de\/wpd-windmanager-suomi\/wp-json\/wp\/v2\/media?parent=41340"}],"curies":[{"name":"wp","href":"https:\/\/api.w.org\/{rel}","templated":true}]}}