{"id":41342,"date":"2025-09-08T15:55:39","date_gmt":"2025-09-08T13:55:39","guid":{"rendered":"https:\/\/www.windmanager.de\/wpd-windmanager-suomi\/?page_id=41342"},"modified":"2026-02-26T16:42:11","modified_gmt":"2026-02-26T15:42:11","slug":"oikeudellinen-huomautus","status":"publish","type":"page","link":"https:\/\/www.windmanager.de\/wpd-windmanager-suomi\/oikeudellinen-huomautus\/","title":{"rendered":"Oikeudellinen Huomautus"},"content":{"rendered":"<p><strong>Yrityksen\/organisaation nimi: wpd windmanager Suomi Oy<\/strong><\/p>\n<p><strong>Yhti\u00f6muoto:<\/strong> Osakeyhti\u00f6, Oy<\/p>\n<p><strong>Rekister\u00f6ity osoite:<\/strong> Teknologiantie 2, 90590 Oulu<\/p>\n<p><strong>Yritys- ja yhteis\u00f6tunnys: 2580057-3<\/strong><\/p>\n<p><strong>ALV-tunnus: FI25800573<\/strong><\/p>\n<p><strong>Yhteystiedot (s\u00e4hk\u00f6posti, puhelinnumero):+358\u00a0400\u00a0758\u00a0586, wm-office@wpd.fi<\/strong><\/p>\n<p><strong>Vastuuhenkil\u00f6: Erja Vengasaho<\/strong><\/p>\n<p><strong>Verkkosivujen suunnittelu:<\/strong>\u00a0s1-media GbR (<a href=\"http:\/\/www.s1-media.de\/\">www.s1-media.de<\/a>), luotu CMS-Systeemill\u00e4 WordPress<\/p>\n<p><strong>Valokuva:<\/strong>\u00a0wpd windmanager<\/p>\n<p><strong>Palveluntarjoaja: <\/strong>wpd windmanager GmbH &amp; Co. KG, Stephanitorsbollwerk 3, 28217 Bremen, Saksa<\/p>\n","protected":false},"excerpt":{"rendered":"Yrityksen\/organisaation nimi: wpd windmanager Suomi Oy Yhti\u00f6muoto: Osakeyhti\u00f6, Oy Rekister\u00f6ity osoite: Teknologiantie 2, 90590 Oulu Yritys- ja yhteis\u00f6tunnys: 2580057-3 ALV-tunnus: FI25800573 Yhteystiedot (s\u00e4hk\u00f6posti, puhelinnumero):+358\u00a0400\u00a0758\u00a0586, wm-office@wpd.fi Vastuuhenkil\u00f6: Erja Vengasaho Verkkosivujen suunnittelu:\u00a0s1-media GbR (www.s1-media.de), luotu CMS-Systeemill\u00e4 WordPress Valokuva:\u00a0wpd windmanager Palveluntarjoaja: wpd windmanager GmbH &amp; Co. KG, Stephanitorsbollwerk 3, 28217 Bremen, Saksa","protected":false},"author":2,"featured_media":0,"parent":0,"menu_order":0,"comment_status":"closed","ping_status":"closed","template":"","meta":{"_acf_changed":false,"footnotes":""},"class_list":["post-41342","page","type-page","status-publish","hentry"],"acf":[],"yoast_head":"<!-- This site is optimized with the Yoast SEO plugin v27.4 - https:\/\/yoast.com\/product\/yoast-seo-wordpress\/ -->\n<title>Oikeudellinen Huomautus - wpd windmanager<\/title>\n<meta name=\"robots\" content=\"index, follow, max-snippet:-1, max-image-preview:large, max-video-preview:-1\" \/>\n<link rel=\"canonical\" href=\"https:\/\/www.windmanager.de\/wpd-windmanager-suomi\/oikeudellinen-huomautus\/\" \/>\n<meta property=\"og:locale\" content=\"fi_FI\" \/>\n<meta property=\"og:type\" content=\"article\" \/>\n<meta property=\"og:title\" content=\"Oikeudellinen Huomautus - wpd windmanager\" \/>\n<meta property=\"og:description\" content=\"Yrityksen\/organisaation nimi: wpd windmanager Suomi Oy Yhti\u00f6muoto: Osakeyhti\u00f6, Oy Rekister\u00f6ity osoite: Teknologiantie 2, 90590 Oulu Yritys- ja yhteis\u00f6tunnys: 2580057-3 ALV-tunnus: FI25800573 Yhteystiedot (s\u00e4hk\u00f6posti, puhelinnumero):+358\u00a0400\u00a0758\u00a0586, wm-office@wpd.fi Vastuuhenkil\u00f6: Erja Vengasaho Verkkosivujen suunnittelu:\u00a0s1-media GbR (www.s1-media.de), luotu CMS-Systeemill\u00e4 WordPress Valokuva:\u00a0wpd windmanager Palveluntarjoaja: wpd windmanager GmbH &amp; Co. KG, Stephanitorsbollwerk 3, 28217 Bremen, Saksa\" \/>\n<meta property=\"og:url\" content=\"https:\/\/www.windmanager.de\/wpd-windmanager-suomi\/oikeudellinen-huomautus\/\" \/>\n<meta property=\"og:site_name\" content=\"wpd windmanager Suomi\" \/>\n<meta property=\"article:modified_time\" content=\"2026-02-26T15:42:11+00:00\" \/>\n<meta name=\"twitter:card\" content=\"summary_large_image\" \/>\n<meta name=\"twitter:label1\" content=\"Arvioitu lukuaika\" \/>\n\t<meta name=\"twitter:data1\" content=\"1 minuutti\" \/>\n<script type=\"application\/ld+json\" class=\"yoast-schema-graph\">{\"@context\":\"https:\\\/\\\/schema.org\",\"@graph\":[{\"@type\":\"WebPage\",\"@id\":\"https:\\\/\\\/www.windmanager.de\\\/wpd-windmanager-suomi\\\/oikeudellinen-huomautus\\\/\",\"url\":\"https:\\\/\\\/www.windmanager.de\\\/wpd-windmanager-suomi\\\/oikeudellinen-huomautus\\\/\",\"name\":\"Oikeudellinen Huomautus - wpd windmanager\",\"isPartOf\":{\"@id\":\"https:\\\/\\\/www.windmanager.de\\\/wpd-windmanager-suomi\\\/#website\"},\"datePublished\":\"2025-09-08T13:55:39+00:00\",\"dateModified\":\"2026-02-26T15:42:11+00:00\",\"breadcrumb\":{\"@id\":\"https:\\\/\\\/www.windmanager.de\\\/wpd-windmanager-suomi\\\/oikeudellinen-huomautus\\\/#breadcrumb\"},\"inLanguage\":\"fi\",\"potentialAction\":[{\"@type\":\"ReadAction\",\"target\":[\"https:\\\/\\\/www.windmanager.de\\\/wpd-windmanager-suomi\\\/oikeudellinen-huomautus\\\/\"]}]},{\"@type\":\"BreadcrumbList\",\"@id\":\"https:\\\/\\\/www.windmanager.de\\\/wpd-windmanager-suomi\\\/oikeudellinen-huomautus\\\/#breadcrumb\",\"itemListElement\":[{\"@type\":\"ListItem\",\"position\":1,\"name\":\"Home\",\"item\":\"https:\\\/\\\/www.windmanager.de\\\/wpd-windmanager-suomi\\\/\"},{\"@type\":\"ListItem\",\"position\":2,\"name\":\"Oikeudellinen Huomautus\"}]},{\"@type\":\"WebSite\",\"@id\":\"https:\\\/\\\/www.windmanager.de\\\/wpd-windmanager-suomi\\\/#website\",\"url\":\"https:\\\/\\\/www.windmanager.de\\\/wpd-windmanager-suomi\\\/\",\"name\":\"wpd windmanager Suomi\",\"description\":\"\",\"potentialAction\":[{\"@type\":\"SearchAction\",\"target\":{\"@type\":\"EntryPoint\",\"urlTemplate\":\"https:\\\/\\\/www.windmanager.de\\\/wpd-windmanager-suomi\\\/?s={search_term_string}\"},\"query-input\":{\"@type\":\"PropertyValueSpecification\",\"valueRequired\":true,\"valueName\":\"search_term_string\"}}],\"inLanguage\":\"fi\"}]}<\/script>\n<!-- \/ Yoast SEO plugin. -->","yoast_head_json":{"title":"Oikeudellinen Huomautus - wpd windmanager","robots":{"index":"index","follow":"follow","max-snippet":"max-snippet:-1","max-image-preview":"max-image-preview:large","max-video-preview":"max-video-preview:-1"},"canonical":"https:\/\/www.windmanager.de\/wpd-windmanager-suomi\/oikeudellinen-huomautus\/","og_locale":"fi_FI","og_type":"article","og_title":"Oikeudellinen Huomautus - wpd windmanager","og_description":"Yrityksen\/organisaation nimi: wpd windmanager Suomi Oy Yhti\u00f6muoto: Osakeyhti\u00f6, Oy Rekister\u00f6ity osoite: Teknologiantie 2, 90590 Oulu Yritys- ja yhteis\u00f6tunnys: 2580057-3 ALV-tunnus: FI25800573 Yhteystiedot (s\u00e4hk\u00f6posti, puhelinnumero):+358\u00a0400\u00a0758\u00a0586, wm-office@wpd.fi Vastuuhenkil\u00f6: Erja Vengasaho Verkkosivujen suunnittelu:\u00a0s1-media GbR (www.s1-media.de), luotu CMS-Systeemill\u00e4 WordPress Valokuva:\u00a0wpd windmanager Palveluntarjoaja: wpd windmanager GmbH &amp; Co. KG, Stephanitorsbollwerk 3, 28217 Bremen, Saksa","og_url":"https:\/\/www.windmanager.de\/wpd-windmanager-suomi\/oikeudellinen-huomautus\/","og_site_name":"wpd windmanager Suomi","article_modified_time":"2026-02-26T15:42:11+00:00","twitter_card":"summary_large_image","twitter_misc":{"Arvioitu lukuaika":"1 minuutti"},"schema":{"@context":"https:\/\/schema.org","@graph":[{"@type":"WebPage","@id":"https:\/\/www.windmanager.de\/wpd-windmanager-suomi\/oikeudellinen-huomautus\/","url":"https:\/\/www.windmanager.de\/wpd-windmanager-suomi\/oikeudellinen-huomautus\/","name":"Oikeudellinen Huomautus - wpd windmanager","isPartOf":{"@id":"https:\/\/www.windmanager.de\/wpd-windmanager-suomi\/#website"},"datePublished":"2025-09-08T13:55:39+00:00","dateModified":"2026-02-26T15:42:11+00:00","breadcrumb":{"@id":"https:\/\/www.windmanager.de\/wpd-windmanager-suomi\/oikeudellinen-huomautus\/#breadcrumb"},"inLanguage":"fi","potentialAction":[{"@type":"ReadAction","target":["https:\/\/www.windmanager.de\/wpd-windmanager-suomi\/oikeudellinen-huomautus\/"]}]},{"@type":"BreadcrumbList","@id":"https:\/\/www.windmanager.de\/wpd-windmanager-suomi\/oikeudellinen-huomautus\/#breadcrumb","itemListElement":[{"@type":"ListItem","position":1,"name":"Home","item":"https:\/\/www.windmanager.de\/wpd-windmanager-suomi\/"},{"@type":"ListItem","position":2,"name":"Oikeudellinen Huomautus"}]},{"@type":"WebSite","@id":"https:\/\/www.windmanager.de\/wpd-windmanager-suomi\/#website","url":"https:\/\/www.windmanager.de\/wpd-windmanager-suomi\/","name":"wpd windmanager Suomi","description":"","potentialAction":[{"@type":"SearchAction","target":{"@type":"EntryPoint","urlTemplate":"https:\/\/www.windmanager.de\/wpd-windmanager-suomi\/?s={search_term_string}"},"query-input":{"@type":"PropertyValueSpecification","valueRequired":true,"valueName":"search_term_string"}}],"inLanguage":"fi"}]}},"_links":{"self":[{"href":"https:\/\/www.windmanager.de\/wpd-windmanager-suomi\/wp-json\/wp\/v2\/pages\/41342","targetHints":{"allow":["GET"]}}],"collection":[{"href":"https:\/\/www.windmanager.de\/wpd-windmanager-suomi\/wp-json\/wp\/v2\/pages"}],"about":[{"href":"https:\/\/www.windmanager.de\/wpd-windmanager-suomi\/wp-json\/wp\/v2\/types\/page"}],"author":[{"embeddable":true,"href":"https:\/\/www.windmanager.de\/wpd-windmanager-suomi\/wp-json\/wp\/v2\/users\/2"}],"replies":[{"embeddable":true,"href":"https:\/\/www.windmanager.de\/wpd-windmanager-suomi\/wp-json\/wp\/v2\/comments?post=41342"}],"version-history":[{"count":4,"href":"https:\/\/www.windmanager.de\/wpd-windmanager-suomi\/wp-json\/wp\/v2\/pages\/41342\/revisions"}],"predecessor-version":[{"id":41368,"href":"https:\/\/www.windmanager.de\/wpd-windmanager-suomi\/wp-json\/wp\/v2\/pages\/41342\/revisions\/41368"}],"wp:attachment":[{"href":"https:\/\/www.windmanager.de\/wpd-windmanager-suomi\/wp-json\/wp\/v2\/media?parent=41342"}],"curies":[{"name":"wp","href":"https:\/\/api.w.org\/{rel}","templated":true}]}}