{"id":41342,"date":"2025-09-08T12:57:06","date_gmt":"2025-09-08T10:57:06","guid":{"rendered":"https:\/\/www.windmanager.de\/wpd-windmanager-sverige\/?page_id=41342"},"modified":"2026-03-02T14:46:37","modified_gmt":"2026-03-02T13:46:37","slug":"raettslig-information","status":"publish","type":"page","link":"https:\/\/www.windmanager.de\/wpd-windmanager-sverige\/raettslig-information\/","title":{"rendered":"R\u00c4TTSLIG INFORMATION"},"content":{"rendered":"<p><strong>F\u00f6retagets\/organisationens namn: wpd windmanager Sverige AB<\/strong><\/p>\n<p><strong>Legal form:<\/strong> Aktiebolag<\/p>\n<p><strong>Registrerad kontorsadress:<\/strong> V\u00e4stra kajv\u00e4gen 4, 94138 Pite\u00e5, Sverige<\/p>\n<p><strong>F\u00f6retagsregister-\/organisationsnummer: 559211-0687<\/strong><\/p>\n<p><strong>Momsregistreringsnummer (om till\u00e4mpligt):<\/strong><\/p>\n<p><strong>Kontaktuppgifter (e-post, telefonnummer): <\/strong><a href=\"mailto:j.lundmark@wpd.se\"><strong>j.lundmark@wpd.se<\/strong><\/a><strong>, +46(0)70 544 40 38<\/strong><\/p>\n<p><strong>Ansvarig person\/direkt\u00f6r: Jonas Lundmark, verkst\u00e4llande direkt\u00f6r<\/strong><\/p>\n<p><strong>Webdesign:<\/strong>s1-media GbR (<a href=\"http:\/\/www.s1-media.de\/\">www.s1-media.de<\/a>), skapad med CMS-systemet WordPress<\/p>\n<p><strong>Fotografi:<\/strong>wpd windmanager<\/p>\n<p><strong>Webbhotell: <\/strong>wpd windmanager GmbH &amp; Co. KG, Stephanitorsbollwerk 3, 28217 Bremen, Tyskland<\/p>\n","protected":false},"excerpt":{"rendered":"F\u00f6retagets\/organisationens namn: wpd windmanager Sverige AB Legal form: Aktiebolag Registrerad kontorsadress: V\u00e4stra kajv\u00e4gen 4, 94138 Pite\u00e5, Sverige F\u00f6retagsregister-\/organisationsnummer: 559211-0687 Momsregistreringsnummer (om till\u00e4mpligt): Kontaktuppgifter (e-post, telefonnummer): j.lundmark@wpd.se, +46(0)70 544 40 38 Ansvarig person\/direkt\u00f6r: Jonas Lundmark, verkst\u00e4llande direkt\u00f6r Webdesign:s1-media GbR (www.s1-media.de), skapad med CMS-systemet WordPress Fotografi:wpd windmanager Webbhotell: wpd windmanager GmbH &amp; Co. KG, Stephanitorsbollwerk 3, 28217&#8230; <a class=\"view-article\" href=\"https:\/\/www.windmanager.de\/wpd-windmanager-sverige\/raettslig-information\/\">View Article<\/a>","protected":false},"author":2,"featured_media":0,"parent":0,"menu_order":0,"comment_status":"closed","ping_status":"closed","template":"","meta":{"_acf_changed":false,"footnotes":""},"class_list":["post-41342","page","type-page","status-publish","hentry"],"acf":[],"yoast_head":"<!-- This site is optimized with the Yoast SEO plugin v27.5 - https:\/\/yoast.com\/product\/yoast-seo-wordpress\/ -->\n<title>R\u00c4TTSLIG INFORMATION - wpd windmanager<\/title>\n<meta name=\"robots\" content=\"index, follow, max-snippet:-1, max-image-preview:large, max-video-preview:-1\" \/>\n<link rel=\"canonical\" href=\"https:\/\/www.windmanager.de\/wpd-windmanager-sverige\/raettslig-information\/\" \/>\n<meta property=\"og:locale\" content=\"sv_SE\" \/>\n<meta property=\"og:type\" content=\"article\" \/>\n<meta property=\"og:title\" content=\"R\u00c4TTSLIG INFORMATION - wpd windmanager\" \/>\n<meta property=\"og:description\" content=\"F\u00f6retagets\/organisationens namn: wpd windmanager Sverige AB Legal form: Aktiebolag Registrerad kontorsadress: V\u00e4stra kajv\u00e4gen 4, 94138 Pite\u00e5, Sverige F\u00f6retagsregister-\/organisationsnummer: 559211-0687 Momsregistreringsnummer (om till\u00e4mpligt): Kontaktuppgifter (e-post, telefonnummer): j.lundmark@wpd.se, +46(0)70 544 40 38 Ansvarig person\/direkt\u00f6r: Jonas Lundmark, verkst\u00e4llande direkt\u00f6r Webdesign:s1-media GbR (www.s1-media.de), skapad med CMS-systemet WordPress Fotografi:wpd windmanager Webbhotell: wpd windmanager GmbH &amp; Co. KG, Stephanitorsbollwerk 3, 28217... View Article\" \/>\n<meta property=\"og:url\" content=\"https:\/\/www.windmanager.de\/wpd-windmanager-sverige\/raettslig-information\/\" \/>\n<meta property=\"og:site_name\" content=\"wpd windmanager Sverige\" \/>\n<meta property=\"article:modified_time\" content=\"2026-03-02T13:46:37+00:00\" \/>\n<meta name=\"twitter:card\" content=\"summary_large_image\" \/>\n<meta name=\"twitter:label1\" content=\"Ber\u00e4knad l\u00e4stid\" \/>\n\t<meta name=\"twitter:data1\" content=\"1 minut\" \/>\n<script type=\"application\/ld+json\" class=\"yoast-schema-graph\">{\"@context\":\"https:\\\/\\\/schema.org\",\"@graph\":[{\"@type\":\"WebPage\",\"@id\":\"https:\\\/\\\/www.windmanager.de\\\/wpd-windmanager-sverige\\\/raettslig-information\\\/\",\"url\":\"https:\\\/\\\/www.windmanager.de\\\/wpd-windmanager-sverige\\\/raettslig-information\\\/\",\"name\":\"R\u00c4TTSLIG INFORMATION - wpd windmanager\",\"isPartOf\":{\"@id\":\"https:\\\/\\\/www.windmanager.de\\\/wpd-windmanager-sverige\\\/#website\"},\"datePublished\":\"2025-09-08T10:57:06+00:00\",\"dateModified\":\"2026-03-02T13:46:37+00:00\",\"breadcrumb\":{\"@id\":\"https:\\\/\\\/www.windmanager.de\\\/wpd-windmanager-sverige\\\/raettslig-information\\\/#breadcrumb\"},\"inLanguage\":\"sv-SE\",\"potentialAction\":[{\"@type\":\"ReadAction\",\"target\":[\"https:\\\/\\\/www.windmanager.de\\\/wpd-windmanager-sverige\\\/raettslig-information\\\/\"]}]},{\"@type\":\"BreadcrumbList\",\"@id\":\"https:\\\/\\\/www.windmanager.de\\\/wpd-windmanager-sverige\\\/raettslig-information\\\/#breadcrumb\",\"itemListElement\":[{\"@type\":\"ListItem\",\"position\":1,\"name\":\"Home\",\"item\":\"https:\\\/\\\/www.windmanager.de\\\/wpd-windmanager-sverige\\\/\"},{\"@type\":\"ListItem\",\"position\":2,\"name\":\"R\u00c4TTSLIG INFORMATION\"}]},{\"@type\":\"WebSite\",\"@id\":\"https:\\\/\\\/www.windmanager.de\\\/wpd-windmanager-sverige\\\/#website\",\"url\":\"https:\\\/\\\/www.windmanager.de\\\/wpd-windmanager-sverige\\\/\",\"name\":\"wpd windmanager Sverige\",\"description\":\"\",\"potentialAction\":[{\"@type\":\"SearchAction\",\"target\":{\"@type\":\"EntryPoint\",\"urlTemplate\":\"https:\\\/\\\/www.windmanager.de\\\/wpd-windmanager-sverige\\\/?s={search_term_string}\"},\"query-input\":{\"@type\":\"PropertyValueSpecification\",\"valueRequired\":true,\"valueName\":\"search_term_string\"}}],\"inLanguage\":\"sv-SE\"}]}<\/script>\n<!-- \/ Yoast SEO plugin. -->","yoast_head_json":{"title":"R\u00c4TTSLIG INFORMATION - wpd windmanager","robots":{"index":"index","follow":"follow","max-snippet":"max-snippet:-1","max-image-preview":"max-image-preview:large","max-video-preview":"max-video-preview:-1"},"canonical":"https:\/\/www.windmanager.de\/wpd-windmanager-sverige\/raettslig-information\/","og_locale":"sv_SE","og_type":"article","og_title":"R\u00c4TTSLIG INFORMATION - wpd windmanager","og_description":"F\u00f6retagets\/organisationens namn: wpd windmanager Sverige AB Legal form: Aktiebolag Registrerad kontorsadress: V\u00e4stra kajv\u00e4gen 4, 94138 Pite\u00e5, Sverige F\u00f6retagsregister-\/organisationsnummer: 559211-0687 Momsregistreringsnummer (om till\u00e4mpligt): Kontaktuppgifter (e-post, telefonnummer): j.lundmark@wpd.se, +46(0)70 544 40 38 Ansvarig person\/direkt\u00f6r: Jonas Lundmark, verkst\u00e4llande direkt\u00f6r Webdesign:s1-media GbR (www.s1-media.de), skapad med CMS-systemet WordPress Fotografi:wpd windmanager Webbhotell: wpd windmanager GmbH &amp; Co. KG, Stephanitorsbollwerk 3, 28217... View Article","og_url":"https:\/\/www.windmanager.de\/wpd-windmanager-sverige\/raettslig-information\/","og_site_name":"wpd windmanager Sverige","article_modified_time":"2026-03-02T13:46:37+00:00","twitter_card":"summary_large_image","twitter_misc":{"Ber\u00e4knad l\u00e4stid":"1 minut"},"schema":{"@context":"https:\/\/schema.org","@graph":[{"@type":"WebPage","@id":"https:\/\/www.windmanager.de\/wpd-windmanager-sverige\/raettslig-information\/","url":"https:\/\/www.windmanager.de\/wpd-windmanager-sverige\/raettslig-information\/","name":"R\u00c4TTSLIG INFORMATION - wpd windmanager","isPartOf":{"@id":"https:\/\/www.windmanager.de\/wpd-windmanager-sverige\/#website"},"datePublished":"2025-09-08T10:57:06+00:00","dateModified":"2026-03-02T13:46:37+00:00","breadcrumb":{"@id":"https:\/\/www.windmanager.de\/wpd-windmanager-sverige\/raettslig-information\/#breadcrumb"},"inLanguage":"sv-SE","potentialAction":[{"@type":"ReadAction","target":["https:\/\/www.windmanager.de\/wpd-windmanager-sverige\/raettslig-information\/"]}]},{"@type":"BreadcrumbList","@id":"https:\/\/www.windmanager.de\/wpd-windmanager-sverige\/raettslig-information\/#breadcrumb","itemListElement":[{"@type":"ListItem","position":1,"name":"Home","item":"https:\/\/www.windmanager.de\/wpd-windmanager-sverige\/"},{"@type":"ListItem","position":2,"name":"R\u00c4TTSLIG INFORMATION"}]},{"@type":"WebSite","@id":"https:\/\/www.windmanager.de\/wpd-windmanager-sverige\/#website","url":"https:\/\/www.windmanager.de\/wpd-windmanager-sverige\/","name":"wpd windmanager Sverige","description":"","potentialAction":[{"@type":"SearchAction","target":{"@type":"EntryPoint","urlTemplate":"https:\/\/www.windmanager.de\/wpd-windmanager-sverige\/?s={search_term_string}"},"query-input":{"@type":"PropertyValueSpecification","valueRequired":true,"valueName":"search_term_string"}}],"inLanguage":"sv-SE"}]}},"_links":{"self":[{"href":"https:\/\/www.windmanager.de\/wpd-windmanager-sverige\/wp-json\/wp\/v2\/pages\/41342","targetHints":{"allow":["GET"]}}],"collection":[{"href":"https:\/\/www.windmanager.de\/wpd-windmanager-sverige\/wp-json\/wp\/v2\/pages"}],"about":[{"href":"https:\/\/www.windmanager.de\/wpd-windmanager-sverige\/wp-json\/wp\/v2\/types\/page"}],"author":[{"embeddable":true,"href":"https:\/\/www.windmanager.de\/wpd-windmanager-sverige\/wp-json\/wp\/v2\/users\/2"}],"replies":[{"embeddable":true,"href":"https:\/\/www.windmanager.de\/wpd-windmanager-sverige\/wp-json\/wp\/v2\/comments?post=41342"}],"version-history":[{"count":3,"href":"https:\/\/www.windmanager.de\/wpd-windmanager-sverige\/wp-json\/wp\/v2\/pages\/41342\/revisions"}],"predecessor-version":[{"id":41363,"href":"https:\/\/www.windmanager.de\/wpd-windmanager-sverige\/wp-json\/wp\/v2\/pages\/41342\/revisions\/41363"}],"wp:attachment":[{"href":"https:\/\/www.windmanager.de\/wpd-windmanager-sverige\/wp-json\/wp\/v2\/media?parent=41342"}],"curies":[{"name":"wp","href":"https:\/\/api.w.org\/{rel}","templated":true}]}}