{"id":41345,"date":"2025-09-08T12:57:39","date_gmt":"2025-09-08T10:57:39","guid":{"rendered":"https:\/\/www.windmanager.de\/wpd-windmanager-sverige\/?page_id=41345"},"modified":"2026-03-02T14:46:29","modified_gmt":"2026-03-02T13:46:29","slug":"integritetspolicy","status":"publish","type":"page","link":"https:\/\/www.windmanager.de\/wpd-windmanager-sverige\/integritetspolicy\/","title":{"rendered":"Integritetspolicy"},"content":{"rendered":"<p>Tack f\u00f6r att du bes\u00f6ker v\u00e5r webbplats. I denna policy vill vi informera dig om hur vi hanterar dina uppgifter i enlighet med artikel 13 i den allm\u00e4nna dataskyddsf\u00f6rordningen (GDPR).<\/p>\n<h2>\u200b\u200bSTYRENHET<\/h2>\n<p>Den registeransvarige f\u00f6r den databehandling som beskrivs nedan \u00e4r:<\/p>\n<p><strong>wpd windmanager Sverige AB<br \/>\n<\/strong>V\u00e4stra kajv\u00e4gen 4, 94138 Pite\u00e5, email: <a href=\"mailto:j.lundmark@wpd.se\">j.lundmark@wpd.se<\/a> \u00a0Telefon: +46 (0) 70 544 40 38<\/p>\n<h2>ANV\u00c4NDNINGSDATA<\/h2>\n<p>N\u00e4r du bes\u00f6ker v\u00e5r webbplats utv\u00e4rderar v\u00e5r webbserver tillf\u00e4lligt anv\u00e4ndningsdata f\u00f6r statistiska \u00e4ndam\u00e5l i syfte att f\u00f6rb\u00e4ttra kvaliteten p\u00e5 v\u00e5r webbplats. Dessa data best\u00e5r av f\u00f6ljande datakategorier:<\/p>\n<ul>\n<li>namn och adress f\u00f6r det beg\u00e4rda inneh\u00e5llet,<\/li>\n<li>datum och tid f\u00f6r f\u00f6rfr\u00e5gan,<\/li>\n<li>av den \u00f6verf\u00f6rda datam\u00e4ngden,<\/li>\n<li>\u00e5tkomststatus (inneh\u00e5ll \u00f6verf\u00f6rt, inneh\u00e5ll inte hittat),<\/li>\n<li>beskrivning av den anv\u00e4nda webbl\u00e4saren och operativsystemet,<\/li>\n<li>h\u00e4nvisningsl\u00e4nken, som anger fr\u00e5n vilken sida du kom till v\u00e5r sida,<\/li>\n<li>IP-adressen f\u00f6r den beg\u00e4rande datorn, som f\u00f6rkortas p\u00e5 ett s\u00e5dant s\u00e4tt att en personlig referens inte l\u00e4ngre kan fastst\u00e4llas.<\/li>\n<\/ul>\n<p>Ovan n\u00e4mnda loggdata kommer endast att utv\u00e4rderas anonymt.<\/p>\n<p>Den r\u00e4ttsliga grunden f\u00f6r behandlingen av anv\u00e4ndningsdata \u00e4r artikel 6.1 f i GDPR. Behandlingen sker i det ber\u00e4ttigade intresset att tillhandah\u00e5lla webbplatsens inneh\u00e5ll och s\u00e4kerst\u00e4lla en enhets- och webbl\u00e4saroptimerad visning.<\/p>\n<h2>DATAS\u00c4KERHET<\/h2>\n<p>Vi vidtar tekniska och organisatoriska \u00e5tg\u00e4rder f\u00f6r att skydda dina uppgifter s\u00e5 omfattande som m\u00f6jligt mot obeh\u00f6rig \u00e5tkomst. Dessa \u00e5tg\u00e4rder omfattar krypteringsprocedurer p\u00e5 v\u00e5ra webbsidor. Dina uppgifter \u00f6verf\u00f6rs fr\u00e5n din dator till v\u00e5r server och vice versa via internet med hj\u00e4lp av TLS-kryptering.<\/p>\n<p>Du kan vanligtvis k\u00e4nna igen detta genom att l\u00e5ssymbolen i statusf\u00e4ltet i din webbl\u00e4sare \u00e4r st\u00e4ngd och adressraden b\u00f6rjar med https:\/\/.<\/p>\n<h2>COOKIE-BANNER<\/h2>\n<p>Vi anv\u00e4nder en plattform f\u00f6r samtyckeshantering (samtycke- eller cookie-banner) p\u00e5 v\u00e5ra webbplatser. Databehandlingen i samband med anv\u00e4ndningen av plattformen f\u00f6r samtyckeshantering och loggningen av de inst\u00e4llningar du har gjort utf\u00f6rs p\u00e5 grundval av artikel 6.1 f i GDPR, i v\u00e5rt ber\u00e4ttigade intresse att visa v\u00e5rt inneh\u00e5ll enligt dina preferenser och f\u00f6r att kunna bevisa det eller de samtycken du har gett.\u00a0 De inst\u00e4llningar du har gjort, det samtycke du har gett och delar av dina anv\u00e4ndningsdata lagras i en cookie. Denna sparas i efterf\u00f6ljande sidf\u00f6rfr\u00e5gningar s\u00e5 att ditt samtycke fortfarande kan sp\u00e5ras. Mer information om detta finns under avsnittet &#8221;N\u00f6dv\u00e4ndiga cookies&#8221;.<\/p>\n<h2>N\u00d6DV\u00c4NDIGA COOKIES<\/h2>\n<p>P\u00e5 v\u00e5r webbplats anv\u00e4nder vi cookies som \u00e4r n\u00f6dv\u00e4ndiga f\u00f6r att webbplatsen ska fungera.<\/p>\n<p>Cookies \u00e4r sm\u00e5 textfiler som kan placeras p\u00e5 din dator eller mobila enhet av webbplatser som du bes\u00f6ker. Man skiljer mellan sessionscookies, som raderas s\u00e5 snart du st\u00e4nger din webbl\u00e4sare, och permanenta cookies, som lagras efter den enskilda sessionen.<\/p>\n<p>Vi anv\u00e4nder inte dessa n\u00f6dv\u00e4ndiga cookies f\u00f6r analys-, sp\u00e5rnings- eller reklam\u00e4ndam\u00e5l.<\/p>\n<p>I vissa fall inneh\u00e5ller dessa cookies endast information om vissa inst\u00e4llningar och kan inte kopplas till en person. De kan ocks\u00e5 vara n\u00f6dv\u00e4ndiga f\u00f6r att m\u00f6jligg\u00f6ra anv\u00e4ndarv\u00e4gledning, s\u00e4kerhet och implementering av webbplatsen.<\/p>\n<p>Den r\u00e4ttsliga grunden f\u00f6r anv\u00e4ndningen av dessa cookies \u00e4r v\u00e5rt ber\u00e4ttigade intresse enligt artikel 6.1 f i GDPR.<\/p>\n<p>Du kan st\u00e4lla in din webbl\u00e4sare s\u00e5 att den informerar dig om placeringen av cookies. Detta g\u00f6r anv\u00e4ndningen av cookies transparent f\u00f6r dig. Du kan ocks\u00e5 radera cookies eller f\u00f6rhindra att nya cookies placeras n\u00e4r som helst genom att anv\u00e4nda l\u00e4mpliga webbl\u00e4sarinst\u00e4llningar. Observera att om du raderar vissa cookies kan v\u00e5ra webbsidor kanske inte visas korrekt och vissa funktioner kanske inte l\u00e4ngre \u00e4r tillg\u00e4ngliga.<\/p>\n<table class=\"table table-striped mb-5\" style=\"font-size: 1rem;\" width=\"100%\">\n<thead>\n<tr>\n<td><strong>Leverant\u00f6r<\/strong><\/td>\n<td><strong>Syfte<\/strong><\/td>\n<td><strong>Maximal lagringstid<\/strong><\/td>\n<\/tr>\n<\/thead>\n<tbody>\n<tr>\n<td>wpd windmanager GmbH &amp; Co. KG<\/td>\n<td>Sparar inst\u00e4llningarna f\u00f6r de bes\u00f6kare som valts i cookieboxen i Borlabs Cookie \u00a0(samtyckeshantering).<\/td>\n<td>365 dagar<\/td>\n<\/tr>\n<\/tbody>\n<\/table>\n<h2>MATOMO<\/h2>\n<p>Vi anv\u00e4nder webbanalysverktyget &#8221;Matomo&#8221; f\u00f6r att utforma v\u00e5ra webbplatser efter dina behov. Matomo skapar anv\u00e4ndarprofiler baserade p\u00e5 pseudonymer. F\u00f6r detta \u00e4ndam\u00e5l lagras permanenta cookies p\u00e5 din enhet och vi har tillg\u00e5ng till dem. P\u00e5 s\u00e5 s\u00e4tt kan vi k\u00e4nna igen och m\u00e4ta \u00e5terkommande bes\u00f6kare.<\/p>\n<p>Databehandlingen baseras p\u00e5 ditt samtycke enligt artikel 6.1 a i GDPR, om du har gett ditt samtycke via v\u00e5r cookie-banner. Du kan n\u00e4r som helst \u00e5terkalla ditt samtycke. F\u00f6lj denna l\u00e4nk och g\u00f6r l\u00e4mpliga inst\u00e4llningar via v\u00e5r banner.<\/p>\n<p>Cookies raderas eller behandlas i allm\u00e4nhet inte l\u00e4ngre efter 13 m\u00e5nader eller efter att du har \u00e5terkallat ditt samtycke.<\/p>\n<table class=\"table table-striped mb-5\" style=\"font-size: 1rem;\" width=\"100%\">\n<thead>\n<tr>\n<td width=\"107\"><strong>Cookie<\/strong><\/td>\n<td width=\"413\"><strong>Syfte<\/strong><\/td>\n<td width=\"90\"><strong>Maximal lagringstid<\/strong><\/td>\n<\/tr>\n<\/thead>\n<tbody>\n<tr>\n<td width=\"107\">_pk_id<\/td>\n<td width=\"413\">Lagrar information om bes\u00f6karen, inklusive anv\u00e4ndar-ID.<\/td>\n<td width=\"90\">393 dagar<\/td>\n<\/tr>\n<tr>\n<td width=\"107\">Sessionscookie.<\/td>\n<td width=\"413\">Lagrar den ursprungliga k\u00e4llan (referrer) f\u00f6r bes\u00f6karen till v\u00e5r webbplats.<\/td>\n<td width=\"90\">1 dag<\/td>\n<\/tr>\n<\/tbody>\n<\/table>\n<h2>LAGRINGSTID<\/h2>\n<p>Om inte annat anges kommer vi att radera dina personuppgifter om de inte l\u00e4ngre beh\u00f6vs f\u00f6r de relevanta behandlings\u00e4ndam\u00e5len och inga lagstadgade skyldigheter om lagring hindrar raderingen.<\/p>\n<h2>DINA R\u00c4TTIGHETER SOM REGISTRERAD<\/h2>\n<p>N\u00e4r dina personuppgifter behandlas ger GDPR dig vissa r\u00e4ttigheter som registrerad:<\/p>\n<p><strong>Den registrerades r\u00e4tt till tillg\u00e5ng (artikel 15 i GDPR)<\/strong><\/p>\n<p>Du har r\u00e4tt att f\u00e5 bekr\u00e4ftelse p\u00e5 om personuppgifter om dig behandlas. Om s\u00e5 \u00e4r fallet har du r\u00e4tt att f\u00e5 information om dessa personuppgifter och att f\u00e5 den information som anges i artikel 15 i GDPR.<\/p>\n<p><strong>R\u00e4tt till r\u00e4ttelse (art. 16 GDPR)<\/strong><\/p>\n<p>Du har r\u00e4tt att f\u00e5 felaktiga personuppgifter om dig r\u00e4ttade och, med h\u00e4nsyn till \u00e4ndam\u00e5len med behandlingen, r\u00e4tt att f\u00e5 ofullst\u00e4ndiga personuppgifter kompletterade, bland annat genom att utan dr\u00f6jsm\u00e5l l\u00e4mna en kompletterande f\u00f6rklaring.<\/p>\n<p><strong>R\u00e4tt till radering (art. 17 GDPR)<\/strong><\/p>\n<p>Du har r\u00e4tt att f\u00e5 personuppgifter som r\u00f6r dig raderade utan on\u00f6digt dr\u00f6jsm\u00e5l om n\u00e5gon av de sk\u00e4l som anges i artikel 17 i GDPR \u00e4r till\u00e4mpliga.<\/p>\n<p><strong>R\u00e4tt till begr\u00e4nsning av behandling (art. 18 GDPR)<\/strong><\/p>\n<p>Du har r\u00e4tt att beg\u00e4ra begr\u00e4nsning av behandlingen om n\u00e5got av villkoren i artikel 18 i GDPR \u00e4r uppfyllt, t.ex. om du har inv\u00e4nt mot behandlingen, under tiden som vi granskar \u00e4rendet.<\/p>\n<p><strong>R\u00e4tt till dataportabilitet (art. 20 GDPR)<\/strong><\/p>\n<p>I vissa fall, som anges i detalj i artikel 20 i GDPR, har du r\u00e4tt att f\u00e5 ut de personuppgifter som r\u00f6r dig i ett strukturerat, allm\u00e4nt anv\u00e4nt och maskinl\u00e4sbart format, eller att beg\u00e4ra att dessa uppgifter \u00f6verf\u00f6rs till en tredje part.<\/p>\n<p><strong>R\u00e4tt att \u00e5terkalla samtycke (art. 7 GDPR)<\/strong><\/p>\n<p>Om behandlingen av uppgifter baseras p\u00e5 ditt samtycke har du r\u00e4tt att n\u00e4r som helst \u00e5terkalla ditt samtycke till anv\u00e4ndningen av dina personuppgifter i enlighet med artikel 7.3 i GDPR. Observera att \u00e5terkallandet endast g\u00e4ller f\u00f6r framtiden. Behandling som skett f\u00f6re \u00e5terkallandet p\u00e5verkas inte.<\/p>\n<p><strong>R\u00e4tt att g\u00f6ra inv\u00e4ndningar (art. 21 GDPR)<\/strong><\/p>\n<p>Om uppgifter samlas in p\u00e5 grundval av artikel 6.1 f i GDPR (behandling av uppgifter f\u00f6r v\u00e5ra ber\u00e4ttigade intressen) eller p\u00e5 grundval av artikel 6.1 e i GDPR (behandling av uppgifter f\u00f6r att skydda allm\u00e4nintresset eller i ut\u00f6vandet av offentlig myndighet), har du r\u00e4tt att n\u00e4r som helst inv\u00e4nda mot behandlingen av sk\u00e4l som h\u00e4nf\u00f6r sig till din s\u00e4rskilda situation. Vi kommer d\u00e5 inte l\u00e4ngre att behandla personuppgifterna, s\u00e5vida det inte finns tvingande ber\u00e4ttigade sk\u00e4l f\u00f6r behandlingen som v\u00e4ger tyngre \u00e4n dina intressen, r\u00e4ttigheter och friheter eller om uppgifterna fortfarande beh\u00f6vs f\u00f6r att fastst\u00e4lla, g\u00f6ra g\u00e4llande eller f\u00f6rsvara r\u00e4ttsliga anspr\u00e5k.<\/p>\n<p>R\u00e4tt att l\u00e4mna in ett klagom\u00e5l till en tillsynsmyndighet (art. 77 GDPR)<\/p>\n<p>Enligt artikel 77 i GDPR har du r\u00e4tt att l\u00e4mna in ett klagom\u00e5l till en tillsynsmyndighet om du anser att behandlingen av dina uppgifter strider mot dataskyddsbest\u00e4mmelserna. Denna r\u00e4ttighet kan s\u00e4rskilt g\u00f6ras g\u00e4llande hos en tillsynsmyndighet i den medlemsstat d\u00e4r du har din vanliga vistelseort, din arbetsplats eller den plats d\u00e4r den misst\u00e4nkta \u00f6vertr\u00e4delsen har beg\u00e5tts.<\/p>\n<h2>KONTAKTUPPGIFTER OM FR\u00c5GOR OCH UT\u00d6VANDET AV DATASUBJEKTETS R\u00c4TTIGHETER<\/h2>\n<p>Om du har n\u00e5gra fr\u00e5gor om dataskydd eller vill ut\u00f6va dina r\u00e4ttigheter som registrerad, v\u00e4nligen kontakta oss p\u00e5:<\/p>\n<p>E-post: <a href=\"mailto:j.lundmark@wpd.se\">j.lundmark@wpd.se<\/a><br \/>\nTelefon: +46 (0) 70 544 44 38\u00a0\u00a0\u00a0\u00a0 Postadress:\u00a0\u00a0\u00a0 V\u00e4stra kajv\u00e4gen 4, 94138 Pite\u00e5<\/p>\n<p><strong>\u00a0<\/strong><\/p>\n<p><strong>Senast uppdaterad: januari 2026<\/strong><\/p>\n<p>&nbsp;<\/p>\n","protected":false},"excerpt":{"rendered":"Tack f\u00f6r att du bes\u00f6ker v\u00e5r webbplats. I denna policy vill vi informera dig om hur vi hanterar dina uppgifter i enlighet med artikel 13 i den allm\u00e4nna dataskyddsf\u00f6rordningen (GDPR). \u200b\u200bSTYRENHET Den registeransvarige f\u00f6r den databehandling som beskrivs nedan \u00e4r: wpd windmanager Sverige AB V\u00e4stra kajv\u00e4gen 4, 94138 Pite\u00e5, email: j.lundmark@wpd.se \u00a0Telefon: +46 (0) 70&#8230; <a class=\"view-article\" href=\"https:\/\/www.windmanager.de\/wpd-windmanager-sverige\/integritetspolicy\/\">View Article<\/a>","protected":false},"author":2,"featured_media":0,"parent":0,"menu_order":0,"comment_status":"closed","ping_status":"closed","template":"","meta":{"_acf_changed":false,"footnotes":""},"class_list":["post-41345","page","type-page","status-publish","hentry"],"acf":[],"yoast_head":"<!-- This site is optimized with the Yoast SEO plugin v27.4 - https:\/\/yoast.com\/product\/yoast-seo-wordpress\/ -->\n<title>Integritetspolicy - wpd windmanager<\/title>\n<meta name=\"robots\" content=\"index, follow, max-snippet:-1, max-image-preview:large, max-video-preview:-1\" \/>\n<link rel=\"canonical\" href=\"https:\/\/www.windmanager.de\/wpd-windmanager-sverige\/integritetspolicy\/\" \/>\n<meta property=\"og:locale\" content=\"sv_SE\" \/>\n<meta property=\"og:type\" content=\"article\" \/>\n<meta property=\"og:title\" content=\"Integritetspolicy - wpd windmanager\" \/>\n<meta property=\"og:description\" content=\"Tack f\u00f6r att du bes\u00f6ker v\u00e5r webbplats. I denna policy vill vi informera dig om hur vi hanterar dina uppgifter i enlighet med artikel 13 i den allm\u00e4nna dataskyddsf\u00f6rordningen (GDPR). \u200b\u200bSTYRENHET Den registeransvarige f\u00f6r den databehandling som beskrivs nedan \u00e4r: wpd windmanager Sverige AB V\u00e4stra kajv\u00e4gen 4, 94138 Pite\u00e5, email: j.lundmark@wpd.se \u00a0Telefon: +46 (0) 70... View Article\" \/>\n<meta property=\"og:url\" content=\"https:\/\/www.windmanager.de\/wpd-windmanager-sverige\/integritetspolicy\/\" \/>\n<meta property=\"og:site_name\" content=\"wpd windmanager Sverige\" \/>\n<meta property=\"article:modified_time\" content=\"2026-03-02T13:46:29+00:00\" \/>\n<meta name=\"twitter:card\" content=\"summary_large_image\" \/>\n<meta name=\"twitter:label1\" content=\"Ber\u00e4knad l\u00e4stid\" \/>\n\t<meta name=\"twitter:data1\" content=\"7 minuter\" \/>\n<script type=\"application\/ld+json\" class=\"yoast-schema-graph\">{\"@context\":\"https:\\\/\\\/schema.org\",\"@graph\":[{\"@type\":\"WebPage\",\"@id\":\"https:\\\/\\\/www.windmanager.de\\\/wpd-windmanager-sverige\\\/integritetspolicy\\\/\",\"url\":\"https:\\\/\\\/www.windmanager.de\\\/wpd-windmanager-sverige\\\/integritetspolicy\\\/\",\"name\":\"Integritetspolicy - wpd windmanager\",\"isPartOf\":{\"@id\":\"https:\\\/\\\/www.windmanager.de\\\/wpd-windmanager-sverige\\\/#website\"},\"datePublished\":\"2025-09-08T10:57:39+00:00\",\"dateModified\":\"2026-03-02T13:46:29+00:00\",\"breadcrumb\":{\"@id\":\"https:\\\/\\\/www.windmanager.de\\\/wpd-windmanager-sverige\\\/integritetspolicy\\\/#breadcrumb\"},\"inLanguage\":\"sv-SE\",\"potentialAction\":[{\"@type\":\"ReadAction\",\"target\":[\"https:\\\/\\\/www.windmanager.de\\\/wpd-windmanager-sverige\\\/integritetspolicy\\\/\"]}]},{\"@type\":\"BreadcrumbList\",\"@id\":\"https:\\\/\\\/www.windmanager.de\\\/wpd-windmanager-sverige\\\/integritetspolicy\\\/#breadcrumb\",\"itemListElement\":[{\"@type\":\"ListItem\",\"position\":1,\"name\":\"Home\",\"item\":\"https:\\\/\\\/www.windmanager.de\\\/wpd-windmanager-sverige\\\/\"},{\"@type\":\"ListItem\",\"position\":2,\"name\":\"Integritetspolicy\"}]},{\"@type\":\"WebSite\",\"@id\":\"https:\\\/\\\/www.windmanager.de\\\/wpd-windmanager-sverige\\\/#website\",\"url\":\"https:\\\/\\\/www.windmanager.de\\\/wpd-windmanager-sverige\\\/\",\"name\":\"wpd windmanager Sverige\",\"description\":\"\",\"potentialAction\":[{\"@type\":\"SearchAction\",\"target\":{\"@type\":\"EntryPoint\",\"urlTemplate\":\"https:\\\/\\\/www.windmanager.de\\\/wpd-windmanager-sverige\\\/?s={search_term_string}\"},\"query-input\":{\"@type\":\"PropertyValueSpecification\",\"valueRequired\":true,\"valueName\":\"search_term_string\"}}],\"inLanguage\":\"sv-SE\"}]}<\/script>\n<!-- \/ Yoast SEO plugin. -->","yoast_head_json":{"title":"Integritetspolicy - wpd windmanager","robots":{"index":"index","follow":"follow","max-snippet":"max-snippet:-1","max-image-preview":"max-image-preview:large","max-video-preview":"max-video-preview:-1"},"canonical":"https:\/\/www.windmanager.de\/wpd-windmanager-sverige\/integritetspolicy\/","og_locale":"sv_SE","og_type":"article","og_title":"Integritetspolicy - wpd windmanager","og_description":"Tack f\u00f6r att du bes\u00f6ker v\u00e5r webbplats. I denna policy vill vi informera dig om hur vi hanterar dina uppgifter i enlighet med artikel 13 i den allm\u00e4nna dataskyddsf\u00f6rordningen (GDPR). \u200b\u200bSTYRENHET Den registeransvarige f\u00f6r den databehandling som beskrivs nedan \u00e4r: wpd windmanager Sverige AB V\u00e4stra kajv\u00e4gen 4, 94138 Pite\u00e5, email: j.lundmark@wpd.se \u00a0Telefon: +46 (0) 70... View Article","og_url":"https:\/\/www.windmanager.de\/wpd-windmanager-sverige\/integritetspolicy\/","og_site_name":"wpd windmanager Sverige","article_modified_time":"2026-03-02T13:46:29+00:00","twitter_card":"summary_large_image","twitter_misc":{"Ber\u00e4knad l\u00e4stid":"7 minuter"},"schema":{"@context":"https:\/\/schema.org","@graph":[{"@type":"WebPage","@id":"https:\/\/www.windmanager.de\/wpd-windmanager-sverige\/integritetspolicy\/","url":"https:\/\/www.windmanager.de\/wpd-windmanager-sverige\/integritetspolicy\/","name":"Integritetspolicy - wpd windmanager","isPartOf":{"@id":"https:\/\/www.windmanager.de\/wpd-windmanager-sverige\/#website"},"datePublished":"2025-09-08T10:57:39+00:00","dateModified":"2026-03-02T13:46:29+00:00","breadcrumb":{"@id":"https:\/\/www.windmanager.de\/wpd-windmanager-sverige\/integritetspolicy\/#breadcrumb"},"inLanguage":"sv-SE","potentialAction":[{"@type":"ReadAction","target":["https:\/\/www.windmanager.de\/wpd-windmanager-sverige\/integritetspolicy\/"]}]},{"@type":"BreadcrumbList","@id":"https:\/\/www.windmanager.de\/wpd-windmanager-sverige\/integritetspolicy\/#breadcrumb","itemListElement":[{"@type":"ListItem","position":1,"name":"Home","item":"https:\/\/www.windmanager.de\/wpd-windmanager-sverige\/"},{"@type":"ListItem","position":2,"name":"Integritetspolicy"}]},{"@type":"WebSite","@id":"https:\/\/www.windmanager.de\/wpd-windmanager-sverige\/#website","url":"https:\/\/www.windmanager.de\/wpd-windmanager-sverige\/","name":"wpd windmanager Sverige","description":"","potentialAction":[{"@type":"SearchAction","target":{"@type":"EntryPoint","urlTemplate":"https:\/\/www.windmanager.de\/wpd-windmanager-sverige\/?s={search_term_string}"},"query-input":{"@type":"PropertyValueSpecification","valueRequired":true,"valueName":"search_term_string"}}],"inLanguage":"sv-SE"}]}},"_links":{"self":[{"href":"https:\/\/www.windmanager.de\/wpd-windmanager-sverige\/wp-json\/wp\/v2\/pages\/41345","targetHints":{"allow":["GET"]}}],"collection":[{"href":"https:\/\/www.windmanager.de\/wpd-windmanager-sverige\/wp-json\/wp\/v2\/pages"}],"about":[{"href":"https:\/\/www.windmanager.de\/wpd-windmanager-sverige\/wp-json\/wp\/v2\/types\/page"}],"author":[{"embeddable":true,"href":"https:\/\/www.windmanager.de\/wpd-windmanager-sverige\/wp-json\/wp\/v2\/users\/2"}],"replies":[{"embeddable":true,"href":"https:\/\/www.windmanager.de\/wpd-windmanager-sverige\/wp-json\/wp\/v2\/comments?post=41345"}],"version-history":[{"count":4,"href":"https:\/\/www.windmanager.de\/wpd-windmanager-sverige\/wp-json\/wp\/v2\/pages\/41345\/revisions"}],"predecessor-version":[{"id":41366,"href":"https:\/\/www.windmanager.de\/wpd-windmanager-sverige\/wp-json\/wp\/v2\/pages\/41345\/revisions\/41366"}],"wp:attachment":[{"href":"https:\/\/www.windmanager.de\/wpd-windmanager-sverige\/wp-json\/wp\/v2\/media?parent=41345"}],"curies":[{"name":"wp","href":"https:\/\/api.w.org\/{rel}","templated":true}]}}